{"id":3054,"date":"2017-02-06T23:38:15","date_gmt":"2017-02-06T22:38:15","guid":{"rendered":"http:\/\/vistasur.es\/?page_id=3054\/"},"modified":"2022-03-02T13:17:43","modified_gmt":"2022-03-02T12:17:43","slug":"home-2","status":"publish","type":"page","link":"https:\/\/vistasur.es\/de\/home-2\/","title":{"rendered":"Home"},"content":{"rendered":"<div class=\"wpb-content-wrapper\">[vc_row full_width=&#8220;stretch_row&#8220; css=&#8220;.vc_custom_1646223459775{padding-top: 30px !important;padding-bottom: 15px !important;background-color: rgba(31,31,31,0.84) !important;*background-color: rgb(31,31,31) !important;}&#8220; el_class=&#8220;content-padding&#8220;][vc_column][vc_raw_html]JTNDZm9ybSUyMGlkJTNEJTIyQVZQJTIyJTIwY2xhc3MlM0QlMjJmb3JtLWlubGluZSUyMGJvb2tpbmctZm9ybSUyMHJvdyUyMGxpZ2h0JTIyJTIwc3R5bGUlM0QlMjJ0ZXh0LWFsaWduJTNBJTIwY2VudGVyJTNCJTIyJTIwbWV0aG9kJTNEJTIycG9zdCUyMiUyMGFjdGlvbiUzRCUyMmh0dHBzJTNBJTJGJTJGd3d3LnNlY3VyZS1ob3RlbC1ib29raW5nLmNvbSUyRkFwYXJ0YW1lbnRvcy1WaXN0YS1TdXIlMkYyRTRTJTJGc2VhcmNoJTNGaG90ZWxJZCUzRDE2NDc4JTIyJTIwdGFyZ2V0JTNEJTIyX2JsYW5rJTIyJTNFJTBBJTIwJTIwJTNDZGl2JTIwY2xhc3MlM0QlMjJmb3JtLWdyb3VwJTIyJTIwc3R5bGUlM0QlMjJtYXJnaW4tcmlnaHQlM0ElMjAxMHB4JTNCJTIyJTNFJTBBJTIwJTIwJTIwJTIwJTNDbGFiZWwlMjBmb3IlM0QlMjJBVlBfbGlzdF9kYXlzJTIyJTNFQW5yZWlzZWRhdHVtJTIwJTNDJTJGbGFiZWwlM0UlMEElMjAlMjAlMjAlMjAlM0NpbnB1dCUyMHR5cGUlM0QlMjJoaWRkZW4lMjIlMjBpZCUzRCUyMmxhbmd1YWdlJTIyJTIwbmFtZSUzRCUyMmxhbmd1YWdlJTIyJTIwdmFsdWUlM0QlMjJkZSUyMiUyMCUyRiUzRSUwQSUyMCUyMCUzQyUyRmRpdiUzRSUwQSUyMCUyMCUzQ2RpdiUyMGNsYXNzJTNEJTIyZm9ybS1ncm91cCUyMiUyMHN0eWxlJTNEJTIybWFyZ2luLXJpZ2h0JTNBJTIwMTVweCUzQiUyMiUzRSUyMCUyMCUyMCUyMCUwQSUyMCUyMCUzQ2lucHV0JTIwdHlwZSUzRCUyMmhpZGRlbiUyMiUyMGlkJTNEJTIyQVZQX2Fycml2YWxEYXRlJTIyJTIwbmFtZSUzRCUyMmFycml2YWxEYXRlJTIyJTIwdmFsdWUlM0QlMjIlMjIlMjAlMkYlM0UlMEElMjAlMjAlM0NpbnB1dCUyMHR5cGUlM0QlMjJoaWRkZW4lMjIlMjBpZCUzRCUyMkFWUF9uaWdodHMlMjIlMjBuYW1lJTNEJTIybmlnaHRzJTIyJTIwdmFsdWUlM0QlMjIlMjIlMjAlMkYlM0UlMEElMjAlMjAlM0NpbnB1dCUyMHR5cGUlM0QlMjJoaWRkZW4lMjIlMjBpZCUzRCUyMmd1ZXN0Q291bnRTZWxlY3RvciUyMiUyMG5hbWUlM0QlMjJndWVzdENvdW50U2VsZWN0b3IlMjIlMjB2YWx1ZSUzRCUyMlJlYWRPbmx5JTIyJTIwJTJGJTNFJTBBJTIwJTIwJTNDaW5wdXQlMjB0eXBlJTNEJTIyaGlkZGVuJTIyJTIwaWQlM0QlMjJjcm9zc1NlbGwlMjIlMjBuYW1lJTNEJTIyY3Jvc3NTZWxsJTIyJTIwdmFsdWUlM0QlMjJmYWxzZSUyMiUyMCUyRiUzRSUwQSUyMCUyMCUzQ3NlbGVjdCUyMGlkJTNEJTIyQVZQX2xpc3RfZGF5cyUyMiUyMHN0eWxlJTNEJTIyd2lkdGglM0E2MHB4JTNCJTIyJTIwb25jaGFuZ2UlM0QlMjAlMjJ1cGRhdGVERGF5JTI4JTI5JTNCJTIyJTIwJTNFJTNDJTJGc2VsZWN0JTNFJTBBJTIwJTIwJTNDc2VsZWN0JTIwaWQlM0QlMjJBVlBfbGlzdF9tb250aHMlMjIlMjBzdHlsZSUzRCUyMndpZHRoJTNBMTUwcHglM0IlMjIlMjBvbmNoYW5nZSUzRCUyMnNldERheXMlMjglMjklM0IlMjIlM0UlM0MlMkZzZWxlY3QlM0UlMjAlMEElMjAlMjAlM0MlMkZkaXYlM0UlMEElMjAlMjAlM0NkaXYlMjBjbGFzcyUzRCUyMmZvcm0tZ3JvdXAlMjIlMjBzdHlsZSUzRCUyMm1hcmdpbi1yaWdodCUzQSUyMDEwcHglM0IlMjIlM0UlMEElMjAlMjAlMjAlMjAlM0NsYWJlbCUyMGZvciUzRCUyMkFWUF9saXN0X2RkYXlzJTIyJTNFQWJyZWlzZWRhdHVtJTIwJTNDJTJGbGFiZWwlM0UlMEElMjAlMjAlM0MlMkZkaXYlM0UlMEElMjAlMjAlM0NkaXYlMjBjbGFzcyUzRCUyMmZvcm0tZ3JvdXAlMjIlMjBzdHlsZSUzRCUyMm1hcmdpbi1yaWdodCUzQSUyMDE1cHglM0IlMjIlM0UlMjAlMjAlMjAlMjAlMEElMjAlMjAlM0NzZWxlY3QlMjBpZCUzRCUyMkFWUF9saXN0X2RkYXlzJTIyJTIwc3R5bGUlM0QlMjJ3aWR0aCUzQTYwcHglM0IlMjIlM0UlM0MlMkZzZWxlY3QlM0UlMEElMjAlMjAlM0NzZWxlY3QlMjBpZCUzRCUyMkFWUF9saXN0X2Rtb250aHMlMjIlMjBzdHlsZSUzRCUyMndpZHRoJTNBMTUwcHglM0IlMjIlMjBvbmNoYW5nZSUzRCUyMnNldEREYXlzJTI4JTI5JTNCJTIyJTNFJTNDJTJGc2VsZWN0JTNFJTIwJTIwJTIwJTIwJTBBJTIwJTIwJTNDJTJGZGl2JTNFJTBBJTIwJTIwJTNDZGl2JTIwY2xhc3MlM0QlMjJmb3JtLWdyb3VwJTIyJTIwc3R5bGUlM0QlMjJtYXJnaW4tcmlnaHQlM0ElMjAxMHB4JTNCJTIyJTNFJTBBJTIwJTIwJTIwJTIwJTNDbGFiZWwlMjBmb3IlM0QlMjJzZWxlY3RlZEFkdWx0Q291bnQlMjIlM0VFcndhY2hzZW5lJTNDJTJGbGFiZWwlM0UlMEElMjAlMjAlM0MlMkZkaXYlM0UlMEElMjAlMjAlM0NkaXYlMjBjbGFzcyUzRCUyMmZvcm0tZ3JvdXAlMjIlMjBzdHlsZSUzRCUyMm1hcmdpbi1yaWdodCUzQSUyMDE1cHglM0IlMjIlM0UlMjAlMjAlMjAlMjAlMjAlMjAlMjAlMjAlMEElMjAlMjAlM0NzZWxlY3QlMjBpZCUzRCUyMnNlbGVjdGVkQWR1bHRDb3VudCUyMiUyMHN0eWxlJTNEJTIyd2lkdGglM0E2MHB4JTNCJTIyJTIwbmFtZSUzRCUyMnNlbGVjdGVkQWR1bHRDb3VudCUyMiUzRSUzQyUyRnNlbGVjdCUzRSUwQSUyMCUyMCUzQyUyRmRpdiUzRSUwQSUwQSUyMCUyMCUzQ2RpdiUyMGNsYXNzJTNEJTIyZm9ybS1ncm91cCUyMiUyMHN0eWxlJTNEJTIybWFyZ2luLXJpZ2h0JTNBJTIwMTBweCUzQiUyMiUzRSUwQSUyMCUyMCUyMCUyMCUzQ2xhYmVsJTIwZm9yJTNEJTIyc2VsZWN0ZWRBZHVsdENvdW50JTIyJTNFR3V0c2NoZWluJTIwY29kZSUzQyUyRmxhYmVsJTNFJTBBJTIwJTIwJTNDJTJGZGl2JTNFJTBBJTIwJTIwJTNDZGl2JTIwY2xhc3MlM0QlMjJmb3JtLWdyb3VwJTIyJTIwc3R5bGUlM0QlMjJtYXJnaW4tcmlnaHQlM0ElMjAxNXB4JTNCJTIyJTNFJTIwJTIwJTIwJTIwJTIwJTIwJTIwJTIwJTBBJTIwJTIwJTNDaW5wdXQlMjB0eXBlJTNEJTIydGV4dCUyMiUyMGlkJTNEJTIycmF0ZSUyMiUyMG5hbWUlM0QlMjJyYXRlJTIyJTIwdmFsdWUlM0QlMjIlMjIlMjBzdHlsZSUzRCUyMndpZHRoJTNBODBweCUzQiUyMiUyRiUzRSUwQSUyMCUyMCUzQyUyRmRpdiUzRSUwQSUwQSUyMCUyMCUzQ2RpdiUyMGNsYXNzJTNEJTIyZm9ybS1ncm91cCUyMiUzRSUwQSUyMCUyMCUyMCUyMCUzQ2lucHV0JTIwdHlwZSUzRCUyMmJ1dHRvbiUyMiUyMGNsYXNzJTNEJTIyYnRuJTIwYnRuLXByaW1hcnklMjBidG4tYmxvY2slMjIlMjBzdHlsZSUzRCUyMndpZHRoJTNBMTI1cHglM0IlMjBtYXJnaW4lM0ElMjAwJTIwYXV0byUzQiUyMiUyMHZhbHVlJTNEJTIyUmVzZXJ2aWVyZW4lMjIlMjBvbmNsaWNrJTNEJTIydmFsaWRhdGUlMjglMjklM0IlMjIlMjAlMkYlM0UlMEElMjAlMjAlM0MlMkZkaXYlM0UlMEElMEElMjAlM0MlMkZmb3JtJTNFJTBBJTIwJTNDc2NyaXB0JTIwdHlwZSUzRCUyMnRleHQlMkZqYXZhc2NyaXB0JTIyJTNFJTIwdmFyJTIwbW9udGhzJTIwJTNEJTIwbmV3JTIwQXJyYXklMjglMjJKYW51YXIlMjIlMkMlMjJGZWJydWFyJTIyJTJDJTIyTSVDMyVBNHJ6JTIyJTJDJTIyQXByaWwlMjIlMkMlMjJNYWklMjIlMkMlMjJKdW5lJTIyJTJDJTIySnVsaSUyMiUyQyUyMkF1Z3VzdCUyMiUyQyUyMlNlcHRlbWJlciUyMiUyQyUyMk9rdG9iZXIlMjIlMkMlMjJOb3ZlbWJlciUyMiUyQyUyMkRlY2VtYmVyJTIyJTI5JTNCJTIwdmFyJTIwbWVzc2FnZSUzRCUyMCUyMkZlY2hhJTIwZnVlcmElMjBkZSUyMGxhJTIwcGxhbmlmaWNhY2klQzMlQjNuJTIyJTNCJTIwJTNDJTJGc2NyaXB0JTNFJTIwJTNDc2NyaXB0JTIwdHlwZSUzRCUyMnRleHQlMkZqYXZhc2NyaXB0JTIyJTIwc3JjJTNEJTIyaHR0cHMlM0ElMkYlMkZ3d3cuc2VjdXJlLWhvdGVsLWJvb2tpbmcuY29tJTJGQXBhcnRhbWVudG9zLVZpc3RhLVN1ciUyRjJFNFMlMkZzY3JpcHRzJTJGYmFzZS5qcyUyMiUzRSUzQyUyRnNjcmlwdCUzRQ==[\/vc_raw_html][\/vc_column][\/vc_row][vc_row][vc_column width=&#8220;2\/3&#8243; offset=&#8220;vc_col-sm-offset-2&#8243;][vc_column_text]\n<h1 style=\"text-align: center;\">Die eine ruhige optimale Lage<small><\/small><\/h1>\n<p>Die Appartements Vistasur befinden sich in einer privilegierten Anlage, direkt am Strand Las Vistas und das sehr bekannte \u201cMilla de Oro\u201d im besten Einkaufzentrum von Playa de las Americas. Ideal f\u00fcr G\u00e4ste, die eine ruhige optimale Lage mit n\u00e4chtlichen Unterhaltungsm\u00f6glichkeiten in der N\u00e4he suchen. Die Anlage hat eine Rezeption die 24 Stunden ge\u00f6ffnet ist, Schwimmbecken mit Solarium, Pool Bar und Tiefgarage.[\/vc_column_text][\/vc_column][\/vc_row][vc_row full_width=&#8220;stretch_row&#8220; parallax_layers=&#8220;yes&#8220; style_images=&#8220;yes&#8220; css=&#8220;.vc_custom_1475064519627{background-image: url(http:\/\/vistasur.es\/wp-content\/uploads\/vistasur-bg-02.jpg?id=2798) !important;background-position: center !important;background-repeat: no-repeat !important;background-size: cover !important;}&#8220; layer_1=&#8220;2794&#8243; layer_2=&#8220;2795&#8243; layer_3=&#8220;2796&#8243; layer_1_ratio=&#8220;0.75&#8243; layer_2_ratio=&#8220;0.94456456&#8243; layer_3_ratio=&#8220;1.25123&#8243; layer_1_vertical=&#8220;top: -30%&#8220; layer_1_horizontal=&#8220;left: 17%&#8220; layer_2_vertical=&#8220;top: 25%&#8220; layer_2_horizontal=&#8220;left: 24%&#8220; layer_3_vertical=&#8220;top: 90%&#8220; layer_3_horizontal=&#8220;left: 12%&#8220; layer_1_z=&#8220;1&#8243; layer_2_z=&#8220;0&#8243; layer_3_z=&#8220;1&#8243; el_class=&#8220;content-padding-xxl&#8220; parallax_offset=&#8220;800&#8243;][vc_column width=&#8220;1\/2&#8243; offset=&#8220;vc_col-sm-offset-6&#8243;][vc_column_text]\n<h2><small><strong>Die Zufriedenheit unserer Kunden<\/strong><br \/>\n<\/small>Das beste Team<\/h2>\n<p>Unser Objektiv ist die Satisfaktion unserer Kunden. Deshalb stellen wir das beste profesionele Team zu ihren. Diensten und w\u00fcnschen Ihnen einen sch\u00f6nen Urlaub.<br \/>\n<a class=\"btn btn-inline\" href=\"http:\/\/vistasur.es\/booking\/redirect.php?lang=de\" target=\"_blank\" rel=\"noopener noreferrer\">Reservieren <\/a>[\/vc_column_text][\/vc_column][\/vc_row][vc_row css=&#8220;.vc_custom_1475066798199{margin-bottom: 20px !important;padding-bottom: 0px !important;}&#8220;][vc_column][vc_column_text]\n<h1 style=\"text-align: center; margin-bottom: 24px;\">Appartements<small>mit 1, 2 oder 3 Schlafzimmer<\/small><\/h1>\n<p class=\"lead\" style=\"text-align: center;\"><small>Alle Appartements verf\u00fcgen \u00fcber Wohn-Essbereich, K\u00fcche, 1 oder 2 Badezimmer, Terrasse oder Balkon.<\/small><\/p>\n[\/vc_column_text][\/vc_column][\/vc_row][vc_row css=&#8220;.vc_custom_1475066719612{margin-top: 0px !important;padding-top: 0px !important;}&#8220;][vc_column width=&#8220;1\/4&#8243;][vc_single_image image=&#8220;4082&#8243; img_size=&#8220;full&#8220; alignment=&#8220;center&#8220; style=&#8220;vc_box_border&#8220; border_color=&#8220;white&#8220;][\/vc_column][vc_column width=&#8220;1\/4&#8243;][vc_single_image image=&#8220;4078&#8243; img_size=&#8220;full&#8220; alignment=&#8220;center&#8220; style=&#8220;vc_box_border&#8220; border_color=&#8220;white&#8220;][\/vc_column][vc_column width=&#8220;1\/4&#8243;][vc_single_image image=&#8220;4074&#8243; img_size=&#8220;full&#8220; alignment=&#8220;center&#8220; style=&#8220;vc_box_border&#8220; border_color=&#8220;white&#8220;][\/vc_column][vc_column width=&#8220;1\/4&#8243;][vc_single_image image=&#8220;4070&#8243; img_size=&#8220;full&#8220; alignment=&#8220;center&#8220; style=&#8220;vc_box_border&#8220; border_color=&#8220;white&#8220;][\/vc_column][\/vc_row]\n<\/div>","protected":false},"excerpt":{"rendered":"<p>[vc_row full_width=&#8220;stretch_row&#8220; css=&#8220;.vc_custom_1646223459775{padding-top: 30px !important;padding-bottom: 15px !important;background-color: rgba(31,31,31,0.84) !important;*background-color: rgb(31,31,31) !important;}&#8220; el_class=&#8220;content-padding&#8220;][vc_column][vc_raw_html]JTNDZm9ybSUyMGlkJTNEJTIyQVZQJTIyJTIwY2xhc3MlM0QlMjJmb3JtLWlubGluZSUyMGJvb2tpbmctZm9ybSUyMHJvdyUyMGxpZ2h0JTIyJTIwc3R5bGUlM0QlMjJ0ZXh0LWFsaWduJTNBJTIwY2VudGVyJTNCJTIyJTIwbWV0aG9kJTNEJTIycG9zdCUyMiUyMGFjdGlvbiUzRCUyMmh0dHBzJTNBJTJGJTJGd3d3LnNlY3VyZS1ob3RlbC1ib29raW5nLmNvbSUyRkFwYXJ0YW1lbnRvcy1WaXN0YS1TdXIlMkYyRTRTJTJGc2VhcmNoJTNGaG90ZWxJZCUzRDE2NDc4JTIyJTIwdGFyZ2V0JTNEJTIyX2JsYW5rJTIyJTNFJTBBJTIwJTIwJTNDZGl2JTIwY2xhc3MlM0QlMjJmb3JtLWdyb3VwJTIyJTIwc3R5bGUlM0QlMjJtYXJnaW4tcmlnaHQlM0ElMjAxMHB4JTNCJTIyJTNFJTBBJTIwJTIwJTIwJTIwJTNDbGFiZWwlMjBmb3IlM0QlMjJBVlBfbGlzdF9kYXlzJTIyJTNFQW5yZWlzZWRhdHVtJTIwJTNDJTJGbGFiZWwlM0UlMEElMjAlMjAlMjAlMjAlM0NpbnB1dCUyMHR5cGUlM0QlMjJoaWRkZW4lMjIlMjBpZCUzRCUyMmxhbmd1YWdlJTIyJTIwbmFtZSUzRCUyMmxhbmd1YWdlJTIyJTIwdmFsdWUlM0QlMjJkZSUyMiUyMCUyRiUzRSUwQSUyMCUyMCUzQyUyRmRpdiUzRSUwQSUyMCUyMCUzQ2RpdiUyMGNsYXNzJTNEJTIyZm9ybS1ncm91cCUyMiUyMHN0eWxlJTNEJTIybWFyZ2luLXJpZ2h0JTNBJTIwMTVweCUzQiUyMiUzRSUyMCUyMCUyMCUyMCUwQSUyMCUyMCUzQ2lucHV0JTIwdHlwZSUzRCUyMmhpZGRlbiUyMiUyMGlkJTNEJTIyQVZQX2Fycml2YWxEYXRlJTIyJTIwbmFtZSUzRCUyMmFycml2YWxEYXRlJTIyJTIwdmFsdWUlM0QlMjIlMjIlMjAlMkYlM0UlMEElMjAlMjAlM0NpbnB1dCUyMHR5cGUlM0QlMjJoaWRkZW4lMjIlMjBpZCUzRCUyMkFWUF9uaWdodHMlMjIlMjBuYW1lJTNEJTIybmlnaHRzJTIyJTIwdmFsdWUlM0QlMjIlMjIlMjAlMkYlM0UlMEElMjAlMjAlM0NpbnB1dCUyMHR5cGUlM0QlMjJoaWRkZW4lMjIlMjBpZCUzRCUyMmd1ZXN0Q291bnRTZWxlY3RvciUyMiUyMG5hbWUlM0QlMjJndWVzdENvdW50U2VsZWN0b3IlMjIlMjB2YWx1ZSUzRCUyMlJlYWRPbmx5JTIyJTIwJTJGJTNFJTBBJTIwJTIwJTNDaW5wdXQlMjB0eXBlJTNEJTIyaGlkZGVuJTIyJTIwaWQlM0QlMjJjcm9zc1NlbGwlMjIlMjBuYW1lJTNEJTIyY3Jvc3NTZWxsJTIyJTIwdmFsdWUlM0QlMjJmYWxzZSUyMiUyMCUyRiUzRSUwQSUyMCUyMCUzQ3NlbGVjdCUyMGlkJTNEJTIyQVZQX2xpc3RfZGF5cyUyMiUyMHN0eWxlJTNEJTIyd2lkdGglM0E2MHB4JTNCJTIyJTIwb25jaGFuZ2UlM0QlMjAlMjJ1cGRhdGVERGF5JTI4JTI5JTNCJTIyJTIwJTNFJTNDJTJGc2VsZWN0JTNFJTBBJTIwJTIwJTNDc2VsZWN0JTIwaWQlM0QlMjJBVlBfbGlzdF9tb250aHMlMjIlMjBzdHlsZSUzRCUyMndpZHRoJTNBMTUwcHglM0IlMjIlMjBvbmNoYW5nZSUzRCUyMnNldERheXMlMjglMjklM0IlMjIlM0UlM0MlMkZzZWxlY3QlM0UlMjAlMEElMjAlMjAlM0MlMkZkaXYlM0UlMEElMjAlMjAlM0NkaXYlMjBjbGFzcyUzRCUyMmZvcm0tZ3JvdXAlMjIlMjBzdHlsZSUzRCUyMm1hcmdpbi1yaWdodCUzQSUyMDEwcHglM0IlMjIlM0UlMEElMjAlMjAlMjAlMjAlM0NsYWJlbCUyMGZvciUzRCUyMkFWUF9saXN0X2RkYXlzJTIyJTNFQWJyZWlzZWRhdHVtJTIwJTNDJTJGbGFiZWwlM0UlMEElMjAlMjAlM0MlMkZkaXYlM0UlMEElMjAlMjAlM0NkaXYlMjBjbGFzcyUzRCUyMmZvcm0tZ3JvdXAlMjIlMjBzdHlsZSUzRCUyMm1hcmdpbi1yaWdodCUzQSUyMDE1cHglM0IlMjIlM0UlMjAlMjAlMjAlMjAlMEElMjAlMjAlM0NzZWxlY3QlMjBpZCUzRCUyMkFWUF9saXN0X2RkYXlzJTIyJTIwc3R5bGUlM0QlMjJ3aWR0aCUzQTYwcHglM0IlMjIlM0UlM0MlMkZzZWxlY3QlM0UlMEElMjAlMjAlM0NzZWxlY3QlMjBpZCUzRCUyMkFWUF9saXN0X2Rtb250aHMlMjIlMjBzdHlsZSUzRCUyMndpZHRoJTNBMTUwcHglM0IlMjIlMjBvbmNoYW5nZSUzRCUyMnNldEREYXlzJTI4JTI5JTNCJTIyJTNFJTNDJTJGc2VsZWN0JTNFJTIwJTIwJTIwJTIwJTBBJTIwJTIwJTNDJTJGZGl2JTNFJTBBJTIwJTIwJTNDZGl2JTIwY2xhc3MlM0QlMjJmb3JtLWdyb3VwJTIyJTIwc3R5bGUlM0QlMjJtYXJnaW4tcmlnaHQlM0ElMjAxMHB4JTNCJTIyJTNFJTBBJTIwJTIwJTIwJTIwJTNDbGFiZWwlMjBmb3IlM0QlMjJzZWxlY3RlZEFkdWx0Q291bnQlMjIlM0VFcndhY2hzZW5lJTNDJTJGbGFiZWwlM0UlMEElMjAlMjAlM0MlMkZkaXYlM0UlMEElMjAlMjAlM0NkaXYlMjBjbGFzcyUzRCUyMmZvcm0tZ3JvdXAlMjIlMjBzdHlsZSUzRCUyMm1hcmdpbi1yaWdodCUzQSUyMDE1cHglM0IlMjIlM0UlMjAlMjAlMjAlMjAlMjAlMjAlMjAlMjAlMEElMjAlMjAlM0NzZWxlY3QlMjBpZCUzRCUyMnNlbGVjdGVkQWR1bHRDb3VudCUyMiUyMHN0eWxlJTNEJTIyd2lkdGglM0E2MHB4JTNCJTIyJTIwbmFtZSUzRCUyMnNlbGVjdGVkQWR1bHRDb3VudCUyMiUzRSUzQyUyRnNlbGVjdCUzRSUwQSUyMCUyMCUzQyUyRmRpdiUzRSUwQSUwQSUyMCUyMCUzQ2RpdiUyMGNsYXNzJTNEJTIyZm9ybS1ncm91cCUyMiUyMHN0eWxlJTNEJTIybWFyZ2luLXJpZ2h0JTNBJTIwMTBweCUzQiUyMiUzRSUwQSUyMCUyMCUyMCUyMCUzQ2xhYmVsJTIwZm9yJTNEJTIyc2VsZWN0ZWRBZHVsdENvdW50JTIyJTNFR3V0c2NoZWluJTIwY29kZSUzQyUyRmxhYmVsJTNFJTBBJTIwJTIwJTNDJTJGZGl2JTNFJTBBJTIwJTIwJTNDZGl2JTIwY2xhc3MlM0QlMjJmb3JtLWdyb3VwJTIyJTIwc3R5bGUlM0QlMjJtYXJnaW4tcmlnaHQlM0ElMjAxNXB4JTNCJTIyJTNFJTIwJTIwJTIwJTIwJTIwJTIwJTIwJTIwJTBBJTIwJTIwJTNDaW5wdXQlMjB0eXBlJTNEJTIydGV4dCUyMiUyMGlkJTNEJTIycmF0ZSUyMiUyMG5hbWUlM0QlMjJyYXRlJTIyJTIwdmFsdWUlM0QlMjIlMjIlMjBzdHlsZSUzRCUyMndpZHRoJTNBODBweCUzQiUyMiUyRiUzRSUwQSUyMCUyMCUzQyUyRmRpdiUzRSUwQSUwQSUyMCUyMCUzQ2RpdiUyMGNsYXNzJTNEJTIyZm9ybS1ncm91cCUyMiUzRSUwQSUyMCUyMCUyMCUyMCUzQ2lucHV0JTIwdHlwZSUzRCUyMmJ1dHRvbiUyMiUyMGNsYXNzJTNEJTIyYnRuJTIwYnRuLXByaW1hcnklMjBidG4tYmxvY2slMjIlMjBzdHlsZSUzRCUyMndpZHRoJTNBMTI1cHglM0IlMjBtYXJnaW4lM0ElMjAwJTIwYXV0byUzQiUyMiUyMHZhbHVlJTNEJTIyUmVzZXJ2aWVyZW4lMjIlMjBvbmNsaWNrJTNEJTIydmFsaWRhdGUlMjglMjklM0IlMjIlMjAlMkYlM0UlMEElMjAlMjAlM0MlMkZkaXYlM0UlMEElMEElMjAlM0MlMkZmb3JtJTNFJTBBJTIwJTNDc2NyaXB0JTIwdHlwZSUzRCUyMnRleHQlMkZqYXZhc2NyaXB0JTIyJTNFJTIwdmFyJTIwbW9udGhzJTIwJTNEJTIwbmV3JTIwQXJyYXklMjglMjJKYW51YXIlMjIlMkMlMjJGZWJydWFyJTIyJTJDJTIyTSVDMyVBNHJ6JTIyJTJDJTIyQXByaWwlMjIlMkMlMjJNYWklMjIlMkMlMjJKdW5lJTIyJTJDJTIySnVsaSUyMiUyQyUyMkF1Z3VzdCUyMiUyQyUyMlNlcHRlbWJlciUyMiUyQyUyMk9rdG9iZXIlMjIlMkMlMjJOb3ZlbWJlciUyMiUyQyUyMkRlY2VtYmVyJTIyJTI5JTNCJTIwdmFyJTIwbWVzc2FnZSUzRCUyMCUyMkZlY2hhJTIwZnVlcmElMjBkZSUyMGxhJTIwcGxhbmlmaWNhY2klQzMlQjNuJTIyJTNCJTIwJTNDJTJGc2NyaXB0JTNFJTIwJTNDc2NyaXB0JTIwdHlwZSUzRCUyMnRleHQlMkZqYXZhc2NyaXB0JTIyJTIwc3JjJTNEJTIyaHR0cHMlM0ElMkYlMkZ3d3cuc2VjdXJlLWhvdGVsLWJvb2tpbmcuY29tJTJGQXBhcnRhbWVudG9zLVZpc3RhLVN1ciUyRjJFNFMlMkZzY3JpcHRzJTJGYmFzZS5qcyUyMiUzRSUzQyUyRnNjcmlwdCUzRQ==[\/vc_raw_html][\/vc_column][\/vc_row][vc_row][vc_column width=&#8220;2\/3&#8243; offset=&#8220;vc_col-sm-offset-2&#8243;][vc_column_text] Die eine ruhige optimale Lage Die [&hellip;]<\/p>\n","protected":false},"author":1,"featured_media":0,"parent":0,"menu_order":0,"comment_status":"closed","ping_status":"closed","template":"","meta":{"footnotes":""},"class_list":["post-3054","page","type-page","status-publish","hentry"],"_links":{"self":[{"href":"https:\/\/vistasur.es\/de\/wp-json\/wp\/v2\/pages\/3054","targetHints":{"allow":["GET"]}}],"collection":[{"href":"https:\/\/vistasur.es\/de\/wp-json\/wp\/v2\/pages"}],"about":[{"href":"https:\/\/vistasur.es\/de\/wp-json\/wp\/v2\/types\/page"}],"author":[{"embeddable":true,"href":"https:\/\/vistasur.es\/de\/wp-json\/wp\/v2\/users\/1"}],"replies":[{"embeddable":true,"href":"https:\/\/vistasur.es\/de\/wp-json\/wp\/v2\/comments?post=3054"}],"version-history":[{"count":14,"href":"https:\/\/vistasur.es\/de\/wp-json\/wp\/v2\/pages\/3054\/revisions"}],"predecessor-version":[{"id":4288,"href":"https:\/\/vistasur.es\/de\/wp-json\/wp\/v2\/pages\/3054\/revisions\/4288"}],"wp:attachment":[{"href":"https:\/\/vistasur.es\/de\/wp-json\/wp\/v2\/media?parent=3054"}],"curies":[{"name":"wp","href":"https:\/\/api.w.org\/{rel}","templated":true}]}}