{"id":3057,"date":"2017-02-06T23:48:57","date_gmt":"2017-02-06T22:48:57","guid":{"rendered":"http:\/\/vistasur.es\/?page_id=3057\/"},"modified":"2022-09-26T12:57:17","modified_gmt":"2022-09-26T11:57:17","slug":"appartements","status":"publish","type":"page","link":"https:\/\/vistasur.es\/de\/appartements\/","title":{"rendered":"Appartements"},"content":{"rendered":"<div class=\"wpb-content-wrapper\">[vc_row position=&#8220;center right&#8220; css=&#8220;.vc_custom_1436463840612{background-position: center !important;background-repeat: no-repeat !important;background-size: contain !important;}&#8220;][vc_column width=&#8220;2\/3&#8243;][vc_column_text]\n<p class=\"lead\">Die Anlage Vistasur besteht aus 59m Appartements, vom 1, 2 oder 3 Schlafzimmer, buchbar als Standard oder mit Meerblick. Alle Appartements verf\u00fcgen \u00fcber Wohn-Essbereich, K\u00fcche, ein oder zwei Badezimmer, Terrasse oder Balkon.<\/p>\n<p>Die K\u00fcchen verf\u00fcgen \u00fcber Herd mit Keramikkochfelder, K\u00fchlschrank, Wasserkocher, Mikrowelle, Kaffeemaschine und Toaster, sowie kompletten Hausrat.<\/p>\n<p>Alle Appartements sind mit Klimaanlage, TV (Sat), Telefon, kostenlose Tresor und WLan.[\/vc_column_text][\/vc_column][vc_column width=&#8220;1\/4&#8243; offset=&#8220;vc_col-sm-offset-1&#8243;][vc_column_text]\n<div class=\"text-center well\">\n<span class='hotel-icon-241 hi-3x color-primary hi-boxed' ><\/span>\n<h3><small>Noch Fragen? Rufen Sie uns an!<\/small> +34 922 750 144<\/h3>\n<\/div>\n[\/vc_column_text][\/vc_column][\/vc_row][vc_row full_width=&#8220;stretch_row&#8220; parallax=&#8220;content-moving&#8220; css=&#8220;.vc_custom_1476871244669{background-image: url(http:\/\/vistasur.es\/wp-content\/uploads\/vistasur-boxback-apartamentos.jpg?id=2885) !important;background-position: center;background-repeat: no-repeat !important;background-size: cover !important;}&#8220;][vc_column width=&#8220;1\/2&#8243;][vc_column_text el_class=&#8220;white-box content-padding&#8220;]\n<h2 id=\"cove\" class=\"text-uppercase\"><small>Voll ausgestattete Appartements<\/small>1, 2 oder 3 schlafzimmer<\/h2>\n<ul class=\"list-pointer\">\n<li>Gratis Wifi<\/li>\n<li>TV (sat)<\/li>\n<li>Ausgestatte K\u00fcche<\/li>\n<li>Kostenlose Tresor<\/li>\n<li>Klimaanlage<\/li>\n<\/ul>\n<p><a class=\"btn btn-inline\" href=\"http:\/\/vistasur.es\/booking\/redirect.php?lang=de\"><br \/>\nJetzt buchen<\/a>[\/vc_column_text][\/vc_column][vc_column width=&#8220;1\/2&#8243;][vc_single_image image=&#8220;4095&#8243; img_size=&#8220;large&#8220;][\/vc_column][\/vc_row][vc_row][vc_column width=&#8220;1\/3&#8243;][vc_single_image image=&#8220;4107&#8243; img_size=&#8220;large&#8220;][\/vc_column][vc_column width=&#8220;1\/3&#8243;][vc_single_image image=&#8220;4099&#8243; img_size=&#8220;large&#8220;][\/vc_column][vc_column width=&#8220;1\/3&#8243;][vc_single_image image=&#8220;4103&#8243; img_size=&#8220;large&#8220;][\/vc_column][\/vc_row]\n<\/div>","protected":false},"excerpt":{"rendered":"<p>[vc_row position=&#8220;center right&#8220; css=&#8220;.vc_custom_1436463840612{background-position: center !important;background-repeat: no-repeat !important;background-size: contain !important;}&#8220;][vc_column width=&#8220;2\/3&#8243;][vc_column_text] Die Anlage Vistasur besteht aus 59m Appartements, vom 1, [&hellip;]<\/p>\n","protected":false},"author":1,"featured_media":0,"parent":0,"menu_order":0,"comment_status":"closed","ping_status":"open","template":"","meta":{"footnotes":""},"class_list":["post-3057","page","type-page","status-publish","hentry"],"_links":{"self":[{"href":"https:\/\/vistasur.es\/de\/wp-json\/wp\/v2\/pages\/3057","targetHints":{"allow":["GET"]}}],"collection":[{"href":"https:\/\/vistasur.es\/de\/wp-json\/wp\/v2\/pages"}],"about":[{"href":"https:\/\/vistasur.es\/de\/wp-json\/wp\/v2\/types\/page"}],"author":[{"embeddable":true,"href":"https:\/\/vistasur.es\/de\/wp-json\/wp\/v2\/users\/1"}],"replies":[{"embeddable":true,"href":"https:\/\/vistasur.es\/de\/wp-json\/wp\/v2\/comments?post=3057"}],"version-history":[{"count":10,"href":"https:\/\/vistasur.es\/de\/wp-json\/wp\/v2\/pages\/3057\/revisions"}],"predecessor-version":[{"id":4468,"href":"https:\/\/vistasur.es\/de\/wp-json\/wp\/v2\/pages\/3057\/revisions\/4468"}],"wp:attachment":[{"href":"https:\/\/vistasur.es\/de\/wp-json\/wp\/v2\/media?parent=3057"}],"curies":[{"name":"wp","href":"https:\/\/api.w.org\/{rel}","templated":true}]}}