{"id":3058,"date":"2017-02-06T23:50:05","date_gmt":"2017-02-06T22:50:05","guid":{"rendered":"http:\/\/vistasur.es\/?page_id=3058\/"},"modified":"2022-03-14T17:40:36","modified_gmt":"2022-03-14T16:40:36","slug":"rechtlicher-hinweis","status":"publish","type":"page","link":"https:\/\/vistasur.es\/de\/rechtlicher-hinweis\/","title":{"rendered":"Rechtlicher Hinweis"},"content":{"rendered":"<div class=\"wpb-content-wrapper\">[vc_row position=&#8220;center right&#8220; css=&#8220;.vc_custom_1436463840612{background-position: center !important;background-repeat: no-repeat !important;background-size: contain !important;}&#8220;][vc_column][vc_column_text]<strong>AVISO LEGAL WEB<\/strong><\/p>\n<p>&nbsp;<\/p>\n<ol style=\"list-style-type: upper-roman;\" start=\"1\">\n<li><strong>OBJETO <\/strong><\/li>\n<\/ol>\n<p>Las presentes condiciones legales son establecidas por Llanos de Chasna S.A en adelante VISTASUR,\u00a0 con el fin de determinar los criterios y condiciones de uso de la p\u00e1gina web: www.vistasur.es.<\/p>\n<p><strong>Datos del Titular<\/strong><\/p>\n<p>Seg\u00fan lo establecido en la Ley de Servicios de la Sociedad de la informaci\u00f3n y Comercio Electr\u00f3nico\u00a0 LSSICE 34\/2002, VISTASUR, pone a\u00a0 disposici\u00f3n los datos del titular de la presente p\u00e1gina web:<\/p>\n<p><strong>Identificaci\u00f3n y contacto<\/strong><\/p>\n<p>Llanos de Chasna S.A<br \/>\nNIF: A38009338<br \/>\nDomicilio en: Avda. Rafael Puig, 10. 38660 &#8211; Playa de las Am\u00e9ricas, Santa Cruz de Tenerife<br \/>\nTel\u00e9fono: 922 777 818<br \/>\nCorreo electr\u00f3nico: master@playadelasamericas.es<br \/>\nInscrito en el Registro Mercantil de Santa Cruz de Tenerife, Tomo 2999, Folio 198, Secci\u00f3n 8.<br \/>\nAl ingresar a esta p\u00e1gina web, el navegante adquiere la condici\u00f3n de usuario. Con el acceso, uso y disfrute de esta p\u00e1gina web, el usuario acepta las condiciones planteadas en el presente apartado, en la versi\u00f3n publicada en el momento en que el acceda al mismo. VISTASUR se reserva el derecho a modificar en cualquier momento, sus condiciones legales, as\u00ed como a realizar cuanta mejora t\u00e9cnica o visual considere oportuno. En caso de que las modificaciones infieran en la privacidad de los usuarios, se avisar\u00e1 con antelaci\u00f3n a la entrada en vigor de los cambios.<\/p>\n<ol style=\"list-style-type: upper-roman;\" start=\"2\">\n<li><strong>POL\u00cdTICA DE PRIVACIDAD <\/strong><\/li>\n<\/ol>\n<p>Puede conocer nuestra pol\u00edtica de privacidad visitando el siguiente enlace: <a href=\"https:\/\/vistasur.es\/politica-de-privacidad\/\">https:\/\/vistasur.es\/politica-de-privacidad\/<\/a>. (colocar enlace de la pol\u00edtica de privacidad).<\/p>\n<ol style=\"list-style-type: upper-roman;\" start=\"3\">\n<li><strong>POL\u00cdTICA DE ENLACES<\/strong><\/li>\n<\/ol>\n<p>En esta plataforma existen enlaces a p\u00e1ginas de terceros, con la finalidad de facilitar informaci\u00f3n adicional sobre la isla de Tenerife, as\u00ed como facilitar el acceso de los usuarios a los perfiles con los que cuenta VISTASUR en las distintas plataformas de valoraci\u00f3n del servicio, con la finalidad de proporcionar rese\u00f1as y opiniones de otros usuarios que ya hayan visitado los apartamentos.<\/p>\n<p>VISTASUR solo gestiona y es responsable de la p\u00e1gina web www.vistasur.es. Los enlaces que ha puesto en su web han sido elegidos con buena fe, poniendo el cuidado debido, pero bajo ning\u00fan concepto es responsable de los contenidos, ofertas y\/o productos y servicios que pueda encontrar el usuario en las p\u00e1ginas a los que redirigen.<\/p>\n<ol style=\"list-style-type: upper-roman;\" start=\"4\">\n<li><strong>PROPIEDAD INTELECTUAL<\/strong><\/li>\n<\/ol>\n<p>Todo el contenido de la web, dise\u00f1o, aplicaciones, contenido gr\u00e1fico y multimedia, publicaciones en el blog, contenido escrito de los distintos apartados, desarrollo web, logos, marcas, productos, y cualquier otro objeto sujeto de portar derechos de propiedad intelectual e industrial, mencionado o no en el anterior listado que es a titulo enunciativo, no limitativo, son propiedad de Llanos de Chasna S.A, o de terceros. No se permite la reproducci\u00f3n total ni parcial, la copia, distribuci\u00f3n, divulgaci\u00f3n, transformaci\u00f3n, comercializaci\u00f3n, o cualquier otra actividad que menoscabe los derechos del titular de la web, o titulares de los derechos de propiedad intelectual o industrial. Los usuarios solo pueden hacer un uso privado de esta web.<\/p>\n<ol style=\"list-style-type: upper-roman;\" start=\"5\">\n<li><strong>OBLIGACIONES DEL USUARIO<\/strong><\/li>\n<\/ol>\n<p>Al ingresar y hacer uso de esta p\u00e1gina web, el usuario acepta impl\u00edcitamente las siguientes condiciones generales:<\/p>\n<ul>\n<li><strong>Propiedad Intelectual<\/strong>: El usuario no podr\u00e1 utilizar la informaci\u00f3n aqu\u00ed contenida, ni el dise\u00f1o, ni su contenido gr\u00e1fico sin la autorizaci\u00f3n de los titulares de la web, o de los titulares de los derechos de propiedad intelectual e industrial. En caso de lo contrario estar\u00eda faltando a los derechos de propiedad intelectual e industrial.\n<ul>\n<li>No se permite la reproducci\u00f3n total, ni parcial de los contenidos de la web.<\/li>\n<li>No se permite el uso del nombre comercial, marca, imagen, ni del logotipo de VISTASUR<\/li>\n<li>Si usted quiere reproducir o utilizar las publicaciones del blog, deber\u00e1 solicitar el consentimiento del titular de la web.<\/li>\n<\/ul>\n<\/li>\n<li>El usuario se har\u00e1 responsable de la veracidad de los datos que suministra y se compromete a comunicar cualquier cambio que surja en ellos.<\/li>\n<li>La aceptaci\u00f3n de la instalaci\u00f3n de cookies es voluntaria, el usuario deber\u00e1 bloquearlas o salir de la p\u00e1gina antes de su instalaci\u00f3n, la cu\u00e1l ser\u00e1 un pasado un tiempo prudencial luego de su acceso a la web.<\/li>\n<\/ul>\n<ol style=\"list-style-type: upper-roman;\" start=\"6\">\n<li><strong>EXCLUSIONES DE RESPONSABILIDAD<\/strong><\/li>\n<\/ol>\n<p><strong>Protecci\u00f3n De Datos:<\/strong> VISTASUR, ha establecido e implantado las medidas de \u00edndole t\u00e9cnica y organizativas necesarias que garanticen la seguridad de los datos de car\u00e1cter personal suministrados por el usuario del tal manera que eviten su alteraci\u00f3n, p\u00e9rdida, tratamiento y\/o acceso no autorizado, habida cuenta del estado de la tecnolog\u00eda, la naturaleza de los datos almacenados y los riesgos a que est\u00e1n expuestos, ya provengan de la acci\u00f3n humana o del medio f\u00edsico o natural.<\/p>\n<p><strong>Cookies:<\/strong> El usuario que tenga bloqueo de cookies o tecnolog\u00edas similares, debe saber que dicho bloqueo puede acarrear deficiencias en la navegaci\u00f3n y uso de esta web. En este sentido VISTASUR no ser\u00e1 responsable ni en todo ni en parte de dicha incidencia.<\/p>\n<ol style=\"list-style-type: upper-roman;\" start=\"7\">\n<li><strong>LEY APLICABLE Y JURISDICCI\u00d3N<\/strong><\/li>\n<\/ol>\n<p>Ser\u00e1n aplicables las normas del Ordenamiento jur\u00eddico espa\u00f1ol.<\/p>\n<p><u>Consumidores y usuarios:<\/u> En caso de controversia, los Juzgados y Tribunales que conocer\u00e1n del asunto, ser\u00e1n lo que dispone la normativa legal aplicable: el domicilio del comprador o el lugar del cumplimiento de la obligaci\u00f3n.<\/p>\n<p><u>Comprador profesional o empresa:<\/u> En caso de controversia entre las partes, ambas, con renuncia expresa a su propio fuero se someten a la jurisdicci\u00f3n de los Tribunales y Juzgados de Arona.[\/vc_column_text][\/vc_column][\/vc_row]\n<\/div>","protected":false},"excerpt":{"rendered":"<p>[vc_row position=&#8220;center right&#8220; css=&#8220;.vc_custom_1436463840612{background-position: center !important;background-repeat: no-repeat !important;background-size: contain !important;}&#8220;][vc_column][vc_column_text]AVISO LEGAL WEB &nbsp; OBJETO Las presentes condiciones legales son establecidas [&hellip;]<\/p>\n","protected":false},"author":1,"featured_media":0,"parent":0,"menu_order":0,"comment_status":"closed","ping_status":"open","template":"","meta":{"footnotes":""},"class_list":["post-3058","page","type-page","status-publish","hentry"],"_links":{"self":[{"href":"https:\/\/vistasur.es\/de\/wp-json\/wp\/v2\/pages\/3058","targetHints":{"allow":["GET"]}}],"collection":[{"href":"https:\/\/vistasur.es\/de\/wp-json\/wp\/v2\/pages"}],"about":[{"href":"https:\/\/vistasur.es\/de\/wp-json\/wp\/v2\/types\/page"}],"author":[{"embeddable":true,"href":"https:\/\/vistasur.es\/de\/wp-json\/wp\/v2\/users\/1"}],"replies":[{"embeddable":true,"href":"https:\/\/vistasur.es\/de\/wp-json\/wp\/v2\/comments?post=3058"}],"version-history":[{"count":3,"href":"https:\/\/vistasur.es\/de\/wp-json\/wp\/v2\/pages\/3058\/revisions"}],"predecessor-version":[{"id":4313,"href":"https:\/\/vistasur.es\/de\/wp-json\/wp\/v2\/pages\/3058\/revisions\/4313"}],"wp:attachment":[{"href":"https:\/\/vistasur.es\/de\/wp-json\/wp\/v2\/media?parent=3058"}],"curies":[{"name":"wp","href":"https:\/\/api.w.org\/{rel}","templated":true}]}}