{"id":3061,"date":"2017-02-06T23:50:20","date_gmt":"2017-02-06T22:50:20","guid":{"rendered":"http:\/\/vistasur.es\/?page_id=3061\/"},"modified":"2022-03-14T17:53:10","modified_gmt":"2022-03-14T16:53:10","slug":"cookie-richtlinie","status":"publish","type":"page","link":"https:\/\/vistasur.es\/de\/cookie-richtlinie\/","title":{"rendered":"Cookie-Richtlinie"},"content":{"rendered":"<div class=\"wpb-content-wrapper\">[vc_row position=&#8220;center right&#8220; css=&#8220;.vc_custom_1436463840612{background-position: center !important;background-repeat: no-repeat !important;background-size: contain !important;}&#8220;][vc_column][vc_column_text]<strong>POL\u00cdTICA DE COOKIES<\/strong><\/p>\n<p><strong>Informaci\u00f3n b\u00e1sica de protecci\u00f3n de datos<\/strong><br \/>\nResponsable: Llanos de Chasna S.A (+Info)<br \/>\nFinalidad: gesti\u00f3n de datos de navegaci\u00f3n y an\u00e1lisis de las visitas de la web. (+Info)<br \/>\nDerechos: puede ejercitar su derecho de acceso, rectificaci\u00f3n, supresi\u00f3n y otros, tal como aparece en la informaci\u00f3n ampliada que puede conocer visitando nuestra pol\u00edtica de privacidad. (Enlace a la pol\u00edtica de privacidad).<\/p>\n<p><strong>POL\u00cdTICA DE COOKIES<\/strong><\/p>\n<p>En cumplimiento de lo establecido el art. 22.2 de la Ley 34\/2002 de Servicios de la Sociedad de la informaci\u00f3n (LSSI), desde VISTASUR le informamos que para la correcta navegaci\u00f3n y uso de esta p\u00e1gina web se requiere de la instalaci\u00f3n de cookies.<\/p>\n<p>La finalidad de la instalaci\u00f3n, y por ende tratamiento de datos personales asociados al uso de esta tecnolog\u00eda es la configuraci\u00f3n\u00a0 de medidas t\u00e9cnicas de seguridad, personalizaci\u00f3n, y funcionamiento b\u00e1sico de la web (cookies t\u00e9cnicas), as\u00ed como la realizaci\u00f3n de an\u00e1lisis del paso por la web de los visitantes y usuarios (cookies anal\u00edticas).<\/p>\n<p>El plazo de conservaci\u00f3n de los datos recogidos por las cookies ser\u00e1 el que se indica en la tabla que aparece m\u00e1s adelante, en este mismo apartado. El plazo contar\u00e1 a partir de la finalizaci\u00f3n de cada sesi\u00f3n del usuario en la p\u00e1gina web.<\/p>\n<p>Usted puede elegir prestar o no su consentimiento a la instalaci\u00f3n de las cookies de VISTASUR, en el caso de no aceptarlas, o de bloquearlas,\u00a0 la navegaci\u00f3n por la p\u00e1gina puede no ser correcta. Entre los fallos m\u00e1s habituales por la no instalaci\u00f3n de las cookies se encuentra el error en la carga de contenidos multimedia, la imposibilidad de entrar en la zona cliente o de configurar las preferencias de uso de la p\u00e1gina.<\/p>\n<p><em>\u00bfQu\u00e9 son las Cookies?<\/em><\/p>\n<p>Las cookies son peque\u00f1os ficheros de texto, que guardan informaci\u00f3n del usuario y se almacenan de su propio dispositivo bien sea PC, Tablet o m\u00f3vil.<\/p>\n<p><em>\u00bfQui\u00e9n emite las cookies y para qu\u00e9?<\/em><\/p>\n<p>Las cookies son emitidas por una p\u00e1gina web, con la finalidad de mejorar la experiencia de navegaci\u00f3n del usuario, as\u00ed como para realizar an\u00e1lisis de sus acciones dentro de la web. Las cookies permiten que la p\u00e1gina web que las ha emitido recuerde las elecciones y caracter\u00edsticas de navegaci\u00f3n del usuario.<\/p>\n<p><em>\u00bfQu\u00e9 tipos de cookies existen?<\/em><\/p>\n<p>Las cookies pueden catalogarse seg\u00fan 3 criterios:<\/p>\n<ol>\n<li>Entidad que las gestiona: Si son propias o de terceros.<\/li>\n<li>Plazo en que permanecen activas: Cookies de sesi\u00f3n o persistentes.<\/li>\n<li>Seg\u00fan su finalidad.\n<ol>\n<li>Cookies t\u00e9cnicas. (no requieren consentimiento)<\/li>\n<li>Cookies de personalizaci\u00f3n.<\/li>\n<li>Cookies de an\u00e1lisis<\/li>\n<li>Cookies publicitarias<\/li>\n<li>Cookies de publicidad comportamental.<\/li>\n<\/ol>\n<\/li>\n<\/ol>\n<p><em>\u00bfC\u00f3mo administro las cookies de mis dispositivos?<\/em><\/p>\n<p>Usted elige si acepta o no la instalaci\u00f3n de cookies de esta p\u00e1gina web, www.vistasur.es, en sus dispositivos. Puede elegir el bloqueo directo de la instalaci\u00f3n de las cookies desde su navegador, as\u00ed como tambi\u00e9n puede elegir la instalaci\u00f3n de unas y el borrado de otras.<\/p>\n<p><em>C\u00f3mo configurar las cookies seg\u00fan su navegador:<\/em><\/p>\n<ol>\n<li>Internet Explorer: Herramientas &gt; Opciones de Internet &gt; Privacidad &gt; Configuraci\u00f3n. Para m\u00e1s informaci\u00f3n, puede consultar el <a href=\"http:\/\/windows.microsoft.com\/es-ES\/windows\/support#1TC=windows-7\">soporte de Microsoft<\/a> o la Ayuda del navegador.<\/li>\n<li>Firefox: Herramientas &gt; Opciones &gt; Privacidad &gt; Historial &gt; Configuraci\u00f3n Personalizada. Para m\u00e1s informaci\u00f3n, puede consultar el <a href=\"https:\/\/support.mozilla.org\/es\/\">soporte de Mozilla<\/a> o la Ayuda del navegador.<\/li>\n<li>Chrome: Configuraci\u00f3n &gt; Mostrar opciones avanzadas &gt; Privacidad -&gt; Configuraci\u00f3n de contenido. Para m\u00e1s informaci\u00f3n, puede consultar el <a href=\"https:\/\/support.google.com\/chrome\/?hl=es#topic=3227046\">soporte de Google<\/a> o la Ayuda del navegador.<\/li>\n<li>Safari: Preferencias &gt; Seguridad. Para m\u00e1s informaci\u00f3n, puede consultar el <a href=\"http:\/\/www.apple.com\/es\/support\/mac-apps\/safari\/\">soporte de Apple<\/a> o la Ayuda del navegador.<\/li>\n<li>Opera: Configuraci\u00f3n &gt; Opciones &gt; Avanzado &gt; Para m\u00e1s informaci\u00f3n, puede consultar el <a href=\"http:\/\/help.opera.com\/Windows\/11.50\/es-ES\/cookies.html\">soporte de Opera<\/a> o la Ayuda del navegador.<\/li>\n<\/ol>\n<p>*Estas configuraciones pueden no estar disponibles en dispositivos m\u00f3viles tales como tabletS o smartphones.<\/p>\n<p>*Si usa otro navegador distinto a los anteriores, consulte su pol\u00edtica de instalaci\u00f3n, uso y bloqueo de cookies.<\/p>\n<p><strong><em>Cookies utilizadas en esta web<\/em><\/strong><\/p>\n<p><em>La siguiente es una relaci\u00f3n de las cookies usadas en esta p\u00e1gina web. Esta lista no tiene car\u00e1cter limitativo.<\/em><\/p>\n<p><em>\u00a0<\/em><\/p>\n<p><strong><em>COOKIES PROPIAS <\/em><\/strong><em>(con finalidades t\u00e9cnicas).<\/em><\/p>\n<table width=\"100%\">\n<tbody>\n<tr>\n<td width=\"171\"><strong>COOKIE \u00a0 \u00a0 \u00a0<\/strong><\/td>\n<td width=\"67\"><strong>DURACI\u00d3N<\/strong><\/td>\n<td width=\"319\"><strong>INFORMACI\u00d3N QUE NOS FACILITA<\/strong><\/td>\n<\/tr>\n<tr>\n<td width=\"171\">_icl_visitor_lang_js<\/td>\n<td width=\"67\">1 d\u00eda<\/td>\n<td width=\"319\"><em>Almacenar idioma del visitante<\/em><\/td>\n<\/tr>\n<tr>\n<td width=\"171\">wpml_browser_redirect_test<\/td>\n<td width=\"67\">Sesi\u00f3n<\/td>\n<td width=\"319\"><em>Redireccionar al idioma<\/em><\/td>\n<\/tr>\n<tr>\n<td width=\"171\">moove_gdpr_popup<\/td>\n<td width=\"67\">1 a\u00f1o<\/td>\n<td width=\"319\">Utilizada para guardar las preferencias sobre cookies<\/td>\n<\/tr>\n<tr>\n<td width=\"171\">availpro.be.applicationVersion<\/td>\n<td width=\"67\">2 horas<\/td>\n<td width=\"319\"><em>Guardar datos de reserva <\/em><\/td>\n<\/tr>\n<tr>\n<td width=\"171\">cookiessEnabled<\/td>\n<td width=\"67\">24 horas<\/td>\n<td width=\"319\"><em>Guardar configuraci\u00f3n de cookies expresada por el usuario<\/em><\/td>\n<\/tr>\n<\/tbody>\n<\/table>\n<p><strong><em>COOKIES<\/em><\/strong><em> <strong>DE TERCEROS<\/strong><\/em><\/p>\n<ul>\n<li><strong><em><u>Cookies con finalidad de an\u00e1lisis:<\/u><\/em><\/strong><\/li>\n<\/ul>\n<table width=\"100%\">\n<tbody>\n<tr>\n<td width=\"104\"><strong>NOMBRE<\/strong><\/td>\n<td width=\"103\"><strong>PROPIETARIO<\/strong><\/td>\n<td width=\"76\"><strong>DURACI\u00d3N<\/strong><\/td>\n<td width=\"192\"><strong>ACCI\u00d3N QUE REALIZA<\/strong><\/td>\n<\/tr>\n<tr>\n<td width=\"104\">TADCID<\/td>\n<td width=\"103\">www.jscache.com, .www.tripadvisor.es<\/td>\n<td width=\"76\">10 a\u00f1os<\/td>\n<td width=\"192\"><em>Mostrar certificados de Tripadvisor<\/em><\/td>\n<\/tr>\n<tr>\n<td width=\"104\">PageCount<\/td>\n<td width=\"103\">www.secure-hotel-booking.com<\/td>\n<td width=\"76\">Sesi\u00f3n<\/td>\n<td width=\"192\"><em>Guardar datos de reserva<\/em><\/td>\n<\/tr>\n<tr>\n<td width=\"104\">__RequestVerificationToken_L3NtYXJ00<\/td>\n<td width=\"103\">www.secure-hotel-booking.com<\/td>\n<td width=\"76\">Sesi\u00f3n<\/td>\n<td width=\"192\"><em>Guardar datos de reserva<\/em><\/td>\n<\/tr>\n<tr>\n<td width=\"104\">TATravelInfo<\/td>\n<td width=\"103\">.tripadvisor.es<\/td>\n<td width=\"76\">2 semanas<\/td>\n<td width=\"192\">Permite seguir y medir el comportamiento de los usuarios en relaci\u00f3n a TripAdvisor.<\/td>\n<\/tr>\n<tr>\n<td width=\"104\">TAUnique,<\/td>\n<td width=\"103\">.tripadvisor.es<\/td>\n<td width=\"76\">2 a\u00f1os<\/td>\n<td width=\"192\">Permite seguir y medir el comportamiento de los usuarios en relaci\u00f3n a TripAdvisor.<\/td>\n<\/tr>\n<tr>\n<td width=\"104\">TASSK<\/td>\n<td width=\"103\">.tripadvisor.es<\/td>\n<td width=\"76\">6 meses<\/td>\n<td width=\"192\">Permite seguir y medir el comportamiento de los usuarios en relaci\u00f3n a TripAdvisor.<\/td>\n<\/tr>\n<tr>\n<td width=\"104\">PMC<\/td>\n<td width=\"103\">.tripadvisor.es<\/td>\n<td width=\"76\">2 a\u00f1os<\/td>\n<td width=\"192\">Esta cookie capta informaci\u00f3n sobre la navegaci\u00f3n del usuario para personalizar su navegaci\u00f3n<\/td>\n<\/tr>\n<tr>\n<td width=\"104\">SRT<\/td>\n<td width=\"103\">.tripadvisor.es<\/td>\n<td width=\"76\">Sesi\u00f3n<\/td>\n<td width=\"192\">Esta cookie capta informaci\u00f3n sobre la navegaci\u00f3n del usuario para personalizar su navegaci\u00f3n<\/td>\n<\/tr>\n<tr>\n<td width=\"104\">vchideactivationmsg<\/td>\n<td width=\"103\">WordPress<\/td>\n<td width=\"76\">3 a\u00f1os<\/td>\n<td width=\"192\">Cookie utilizada para optimizar el funcionamiento de la creaci\u00f3n de contenido en la website. Permite enviar mensajes desde el formulario de contacto.<\/td>\n<\/tr>\n<tr>\n<td width=\"104\">vchideactivationmsg_vc11<\/td>\n<td width=\"103\">WordPress<\/td>\n<td width=\"76\">1 mes<\/td>\n<td width=\"192\">Cookie t\u00e9cnica que permite enviar mensajes desde el formulario de contacto<\/td>\n<\/tr>\n<tr>\n<td width=\"104\">__vt<\/td>\n<td width=\"103\">TripAdvisor<\/td>\n<td width=\"76\">1 a\u00f1o<\/td>\n<td width=\"192\">La cookie se utiliza para el an\u00e1lisis del sitio para determinar las p\u00e1ginas visitadas, la cantidad de tiempo dedicado, etc.<\/td>\n<\/tr>\n<tr>\n<td width=\"104\">TAUD<\/td>\n<td width=\"103\">TripAdvisor<\/td>\n<td width=\"76\">3 semanas<\/td>\n<td width=\"192\">Esta cookie es establecida por TripAdvisor. Mide y rastrea el comportamiento del usuario en los sitios web que utilizan sus servicios.<\/td>\n<\/tr>\n<\/tbody>\n<\/table>\n<p><em>\u00a0<\/em><\/p>\n<ul>\n<li><strong><em><u>Cookies con finalidad de publicidad: <\/u><\/em><\/strong><\/li>\n<\/ul>\n<table width=\"100%\">\n<tbody>\n<tr>\n<td width=\"104\"><strong>NOMBRE<\/strong><\/td>\n<td width=\"103\"><strong>PROPIETARIO<\/strong><\/td>\n<td width=\"76\"><strong>DURACI\u00d3N<\/strong><\/td>\n<td width=\"192\"><strong>ACCI\u00d3N QUE REALIZA<\/strong><\/td>\n<\/tr>\n<tr>\n<td width=\"104\">ServerPool<\/td>\n<td width=\"103\">TripAdvisor<\/td>\n<td width=\"76\">Sesi\u00f3n<\/td>\n<td width=\"192\"><em>Cookie utilizada por TripAdvisor para fines publicitarios<\/em><\/td>\n<\/tr>\n<tr>\n<td width=\"104\">_gcl_au<\/td>\n<td width=\"103\">Google<\/td>\n<td width=\"76\">3 meses<\/td>\n<td width=\"192\"><em>Utilizado por Google AdSense para experimentar con la eficiencia publicitaria en los sitios web que utilizan sus servicios. Es la cookie de origen para la funcionalidad de \u201cConversion Linker\u201d: toma informaci\u00f3n en clics de anuncios y la almacena en una cookie de origen <\/em><\/td>\n<\/tr>\n<\/tbody>\n<\/table>\n<p><em>VISTASUR y Google Analytics<\/em><\/p>\n<p>Con el fin de mejorar los servicios que prestamos, hacemos uso del servicio anal\u00edtica web de Google Inc.: Google Analytics, que nos permite realizar un seguimiento ANONIMO de las acciones de un usuario en nuestra web.<\/p>\n<p>Las cookies que se instalan al hacer uso del servicio de Google Analytics son:<\/p>\n<p>&nbsp;<\/p>\n<table>\n<tbody>\n<tr>\n<td><strong>COOKIE<\/strong><\/td>\n<td><strong>DURACI\u00d3N<\/strong><\/td>\n<td width=\"408\"><strong>INFORMACI\u00d3N QUE NOS FACILITA<\/strong><\/td>\n<\/tr>\n<tr>\n<td>_ga<\/td>\n<td width=\"116\">2 a\u00f1os<\/td>\n<td width=\"408\">Se usa para diferenciar usuarios.<\/td>\n<\/tr>\n<tr>\n<td>_gat<\/td>\n<td width=\"116\">24 horas<\/td>\n<td width=\"408\">Se usa para diferenciar usuarios.<\/td>\n<\/tr>\n<tr>\n<td>_gid<\/td>\n<td width=\"116\">1 minuto<\/td>\n<td width=\"408\">Se hace para limitar el porcentaje de solicitudes. Al usar google\u00a0 Tag Manager se puede llamar.<\/td>\n<\/tr>\n<\/tbody>\n<\/table>\n<p><em>Cookies en Redes sociales y servicios de Internet<\/em><\/p>\n<p>As\u00ed mismo, debe tener en cuenta que se instalar\u00e1n cookies de terceros a todos los visitantes de las siguientes plataformas en las que VISTASUR tiene una p\u00e1gina y\/o perfil de empresa:<\/p>\n<ol>\n<li>TripAdvisor: Pol\u00edtica de materia de \u201cCookies\u201d: <a href=\"https:\/\/tripadvisor.mediaroom.com\/ES-politica-en-materia-de-cookies\">https:\/\/tripadvisor.mediaroom.com\/ES-politica-en-materia-de-cookies<\/a><\/li>\n<\/ol>\n<p>&nbsp;<\/p>\n<p><em>Actualizaci\u00f3n de la pol\u00edtica de cookies y uso de otras cookies.<\/em><\/p>\n<p>Con la evoluci\u00f3n tecnol\u00f3gica el uso de distintas cookies se presenta muy posible, por lo que en caso de implementar el uso de cookies que afecten su privacidad de forma distinta a las que haya autorizado anteriormente, le informaremos y solicitaremos su consentimiento.[\/vc_column_text][\/vc_column][\/vc_row]\n<\/div>","protected":false},"excerpt":{"rendered":"<p>[vc_row position=&#8220;center right&#8220; css=&#8220;.vc_custom_1436463840612{background-position: center !important;background-repeat: no-repeat !important;background-size: contain !important;}&#8220;][vc_column][vc_column_text]POL\u00cdTICA DE COOKIES Informaci\u00f3n b\u00e1sica de protecci\u00f3n de datos Responsable: Llanos [&hellip;]<\/p>\n","protected":false},"author":1,"featured_media":0,"parent":0,"menu_order":0,"comment_status":"closed","ping_status":"open","template":"","meta":{"footnotes":""},"class_list":["post-3061","page","type-page","status-publish","hentry"],"_links":{"self":[{"href":"https:\/\/vistasur.es\/de\/wp-json\/wp\/v2\/pages\/3061","targetHints":{"allow":["GET"]}}],"collection":[{"href":"https:\/\/vistasur.es\/de\/wp-json\/wp\/v2\/pages"}],"about":[{"href":"https:\/\/vistasur.es\/de\/wp-json\/wp\/v2\/types\/page"}],"author":[{"embeddable":true,"href":"https:\/\/vistasur.es\/de\/wp-json\/wp\/v2\/users\/1"}],"replies":[{"embeddable":true,"href":"https:\/\/vistasur.es\/de\/wp-json\/wp\/v2\/comments?post=3061"}],"version-history":[{"count":3,"href":"https:\/\/vistasur.es\/de\/wp-json\/wp\/v2\/pages\/3061\/revisions"}],"predecessor-version":[{"id":4319,"href":"https:\/\/vistasur.es\/de\/wp-json\/wp\/v2\/pages\/3061\/revisions\/4319"}],"wp:attachment":[{"href":"https:\/\/vistasur.es\/de\/wp-json\/wp\/v2\/media?parent=3061"}],"curies":[{"name":"wp","href":"https:\/\/api.w.org\/{rel}","templated":true}]}}