{"id":3014,"date":"2017-02-06T17:31:01","date_gmt":"2017-02-06T16:31:01","guid":{"rendered":"http:\/\/vistasur.es\/?page_id=3014\/"},"modified":"2022-03-02T13:17:18","modified_gmt":"2022-03-02T12:17:18","slug":"home-2","status":"publish","type":"page","link":"https:\/\/vistasur.es\/fr\/home-2\/","title":{"rendered":"Home"},"content":{"rendered":"<div class=\"wpb-content-wrapper\">[vc_row full_width=\u00a0\u00bbstretch_row\u00a0\u00bb css=\u00a0\u00bb.vc_custom_1646223435610{padding-top: 30px !important;padding-bottom: 15px !important;background-color: rgba(31,31,31,0.84) !important;*background-color: rgb(31,31,31) !important;}\u00a0\u00bb el_class=\u00a0\u00bbcontent-padding\u00a0\u00bb][vc_column][vc_raw_html]JTNDZm9ybSUyMGlkJTNEJTIyQVZQJTIyJTIwY2xhc3MlM0QlMjJmb3JtLWlubGluZSUyMGJvb2tpbmctZm9ybSUyMHJvdyUyMGxpZ2h0JTIyJTIwc3R5bGUlM0QlMjJ0ZXh0LWFsaWduJTNBJTIwY2VudGVyJTNCJTIyJTIwbWV0aG9kJTNEJTIycG9zdCUyMiUyMGFjdGlvbiUzRCUyMmh0dHBzJTNBJTJGJTJGd3d3LnNlY3VyZS1ob3RlbC1ib29raW5nLmNvbSUyRkFwYXJ0YW1lbnRvcy1WaXN0YS1TdXIlMkYyRTRTJTJGc2VhcmNoJTNGaG90ZWxJZCUzRDE2NDc4JTIyJTIwdGFyZ2V0JTNEJTIyX2JsYW5rJTIyJTNFJTBBJTIwJTIwJTNDZGl2JTIwY2xhc3MlM0QlMjJmb3JtLWdyb3VwJTIyJTIwc3R5bGUlM0QlMjJtYXJnaW4tcmlnaHQlM0ElMjAxMHB4JTNCJTIyJTNFJTBBJTIwJTIwJTIwJTIwJTNDbGFiZWwlMjBmb3IlM0QlMjJBVlBfbGlzdF9kYXlzJTIyJTNFRGF0ZSUyMGQlMjdhcnJpdiVDMyVBOWUlM0MlMkZsYWJlbCUzRSUwQSUyMCUyMCUyMCUyMCUzQ2lucHV0JTIwdHlwZSUzRCUyMmhpZGRlbiUyMiUyMGlkJTNEJTIybGFuZ3VhZ2UlMjIlMjBuYW1lJTNEJTIybGFuZ3VhZ2UlMjIlMjB2YWx1ZSUzRCUyMmZyJTIyJTIwJTJGJTNFJTBBJTIwJTIwJTNDJTJGZGl2JTNFJTBBJTIwJTIwJTNDZGl2JTIwY2xhc3MlM0QlMjJmb3JtLWdyb3VwJTIyJTIwc3R5bGUlM0QlMjJtYXJnaW4tcmlnaHQlM0ElMjAxNXB4JTNCJTIyJTNFJTIwJTIwJTIwJTIwJTBBJTIwJTIwJTNDaW5wdXQlMjB0eXBlJTNEJTIyaGlkZGVuJTIyJTIwaWQlM0QlMjJBVlBfYXJyaXZhbERhdGUlMjIlMjBuYW1lJTNEJTIyYXJyaXZhbERhdGUlMjIlMjB2YWx1ZSUzRCUyMiUyMiUyMCUyRiUzRSUwQSUyMCUyMCUzQ2lucHV0JTIwdHlwZSUzRCUyMmhpZGRlbiUyMiUyMGlkJTNEJTIyQVZQX25pZ2h0cyUyMiUyMG5hbWUlM0QlMjJuaWdodHMlMjIlMjB2YWx1ZSUzRCUyMiUyMiUyMCUyRiUzRSUwQSUyMCUyMCUzQ2lucHV0JTIwdHlwZSUzRCUyMmhpZGRlbiUyMiUyMGlkJTNEJTIyZ3Vlc3RDb3VudFNlbGVjdG9yJTIyJTIwbmFtZSUzRCUyMmd1ZXN0Q291bnRTZWxlY3RvciUyMiUyMHZhbHVlJTNEJTIyUmVhZE9ubHklMjIlMjAlMkYlM0UlMEElMjAlMjAlM0NpbnB1dCUyMHR5cGUlM0QlMjJoaWRkZW4lMjIlMjBpZCUzRCUyMmNyb3NzU2VsbCUyMiUyMG5hbWUlM0QlMjJjcm9zc1NlbGwlMjIlMjB2YWx1ZSUzRCUyMmZhbHNlJTIyJTIwJTJGJTNFJTBBJTIwJTIwJTNDc2VsZWN0JTIwaWQlM0QlMjJBVlBfbGlzdF9kYXlzJTIyJTIwc3R5bGUlM0QlMjJ3aWR0aCUzQTYwcHglM0IlMjIlMjBvbmNoYW5nZSUzRCUyMCUyMnVwZGF0ZUREYXklMjglMjklM0IlMjIlMjAlM0UlM0MlMkZzZWxlY3QlM0UlMEElMjAlMjAlM0NzZWxlY3QlMjBpZCUzRCUyMkFWUF9saXN0X21vbnRocyUyMiUyMHN0eWxlJTNEJTIyd2lkdGglM0ExNTBweCUzQiUyMiUyMG9uY2hhbmdlJTNEJTIyc2V0RGF5cyUyOCUyOSUzQiUyMiUzRSUzQyUyRnNlbGVjdCUzRSUyMCUwQSUyMCUyMCUzQyUyRmRpdiUzRSUwQSUyMCUyMCUzQ2RpdiUyMGNsYXNzJTNEJTIyZm9ybS1ncm91cCUyMiUyMHN0eWxlJTNEJTIybWFyZ2luLXJpZ2h0JTNBJTIwMTBweCUzQiUyMiUzRSUwQSUyMCUyMCUyMCUyMCUzQ2xhYmVsJTIwZm9yJTNEJTIyQVZQX2xpc3RfZGRheXMlMjIlM0VEYXRlJTIwZGUlMjBkJUMzJUE5cGFydCUzQyUyRmxhYmVsJTNFJTBBJTIwJTIwJTNDJTJGZGl2JTNFJTBBJTIwJTIwJTNDZGl2JTIwY2xhc3MlM0QlMjJmb3JtLWdyb3VwJTIyJTIwc3R5bGUlM0QlMjJtYXJnaW4tcmlnaHQlM0ElMjAxNXB4JTNCJTIyJTNFJTIwJTIwJTIwJTIwJTBBJTIwJTIwJTNDc2VsZWN0JTIwaWQlM0QlMjJBVlBfbGlzdF9kZGF5cyUyMiUyMHN0eWxlJTNEJTIyd2lkdGglM0E2MHB4JTNCJTIyJTNFJTNDJTJGc2VsZWN0JTNFJTBBJTIwJTIwJTNDc2VsZWN0JTIwaWQlM0QlMjJBVlBfbGlzdF9kbW9udGhzJTIyJTIwc3R5bGUlM0QlMjJ3aWR0aCUzQTE1MHB4JTNCJTIyJTIwb25jaGFuZ2UlM0QlMjJzZXRERGF5cyUyOCUyOSUzQiUyMiUzRSUzQyUyRnNlbGVjdCUzRSUyMCUyMCUyMCUyMCUwQSUyMCUyMCUzQyUyRmRpdiUzRSUwQSUyMCUyMCUzQ2RpdiUyMGNsYXNzJTNEJTIyZm9ybS1ncm91cCUyMiUyMHN0eWxlJTNEJTIybWFyZ2luLXJpZ2h0JTNBJTIwMTBweCUzQiUyMiUzRSUwQSUyMCUyMCUyMCUyMCUzQ2xhYmVsJTIwZm9yJTNEJTIyc2VsZWN0ZWRBZHVsdENvdW50JTIyJTNFQWR1bHRlcyUzQyUyRmxhYmVsJTNFJTBBJTIwJTIwJTNDJTJGZGl2JTNFJTBBJTIwJTIwJTNDZGl2JTIwY2xhc3MlM0QlMjJmb3JtLWdyb3VwJTIyJTIwc3R5bGUlM0QlMjJtYXJnaW4tcmlnaHQlM0ElMjAxNXB4JTNCJTIyJTNFJTIwJTIwJTIwJTIwJTIwJTIwJTIwJTIwJTBBJTIwJTIwJTNDc2VsZWN0JTIwaWQlM0QlMjJzZWxlY3RlZEFkdWx0Q291bnQlMjIlMjBzdHlsZSUzRCUyMndpZHRoJTNBNjBweCUzQiUyMiUyMG5hbWUlM0QlMjJzZWxlY3RlZEFkdWx0Q291bnQlMjIlM0UlM0MlMkZzZWxlY3QlM0UlMEElMjAlMjAlM0MlMkZkaXYlM0UlMEElMEElMjAlMjAlM0NkaXYlMjBjbGFzcyUzRCUyMmZvcm0tZ3JvdXAlMjIlMjBzdHlsZSUzRCUyMm1hcmdpbi1yaWdodCUzQSUyMDEwcHglM0IlMjIlM0UlMEElMjAlMjAlMjAlMjAlM0NsYWJlbCUyMGZvciUzRCUyMnNlbGVjdGVkQWR1bHRDb3VudCUyMiUzRUNvZGUlMjBkJTI3b2ZmcmUlM0MlMkZsYWJlbCUzRSUwQSUyMCUyMCUzQyUyRmRpdiUzRSUwQSUyMCUyMCUzQ2RpdiUyMGNsYXNzJTNEJTIyZm9ybS1ncm91cCUyMiUyMHN0eWxlJTNEJTIybWFyZ2luLXJpZ2h0JTNBJTIwMTVweCUzQiUyMiUzRSUyMCUyMCUyMCUyMCUyMCUyMCUyMCUyMCUwQSUyMCUyMCUzQ2lucHV0JTIwdHlwZSUzRCUyMnRleHQlMjIlMjBpZCUzRCUyMnJhdGUlMjIlMjBuYW1lJTNEJTIycmF0ZSUyMiUyMHZhbHVlJTNEJTIyJTIyJTIwc3R5bGUlM0QlMjJ3aWR0aCUzQTEwMHB4JTNCJTIyJTJGJTNFJTBBJTIwJTIwJTNDJTJGZGl2JTNFJTBBJTBBJTIwJTIwJTNDZGl2JTIwY2xhc3MlM0QlMjJmb3JtLWdyb3VwJTIyJTNFJTBBJTIwJTIwJTIwJTIwJTNDaW5wdXQlMjB0eXBlJTNEJTIyYnV0dG9uJTIyJTIwY2xhc3MlM0QlMjJidG4lMjBidG4tcHJpbWFyeSUyMGJ0bi1ibG9jayUyMiUyMHN0eWxlJTNEJTIyd2lkdGglM0ExNTBweCUzQiUyMCUyMG1hcmdpbiUzQSUyMDAlMjBhdXRvJTNCJTIyJTIwdmFsdWUlM0QlMjJSJUMzJUE5c2VydmVyJTIyJTIwb25jbGljayUzRCUyMnZhbGlkYXRlJTI4JTI5JTNCJTIyJTIwJTJGJTNFJTBBJTIwJTIwJTNDJTJGZGl2JTNFJTIwJTIwJTBBJTBBJTIwJTNDJTJGZm9ybSUzRSUwQSUyMCUzQ3NjcmlwdCUyMHR5cGUlM0QlMjJ0ZXh0JTJGamF2YXNjcmlwdCUyMiUzRSUyMHZhciUyMG1vbnRocyUyMCUzRCUyMG5ldyUyMEFycmF5JTI4JTIySmFudmllciUyMiUyQyUyMkYlQzMlQTl2cmllciUyMiUyQyUyMk1hcnMlMjIlMkMlMjJBdnJpbCUyMiUyQyUyMk1haSUyMiUyQyUyMkp1aW4lMjIlMkMlMjJKdWlsbGV0JTIyJTJDJTIyQW8lQzMlQkJ0JTIyJTJDJTIyU2VwdGVtYnJlJTIyJTJDJTIyT2N0b2JyZSUyMiUyQyUyMk5vdmVtYnJlJTIyJTJDJTIyRCVDMyVBOWNlbWJyZSUyMiUyOSUzQiUyMHZhciUyMG1lc3NhZ2UlM0QlMjAlMjJGZWNoYSUyMGZ1ZXJhJTIwZGUlMjBsYSUyMHBsYW5pZmljYWNpJUMzJUIzbiUyMiUzQiUyMCUzQyUyRnNjcmlwdCUzRSUyMCUzQ3NjcmlwdCUyMHR5cGUlM0QlMjJ0ZXh0JTJGamF2YXNjcmlwdCUyMiUyMHNyYyUzRCUyMmh0dHBzJTNBJTJGJTJGd3d3LnNlY3VyZS1ob3RlbC1ib29raW5nLmNvbSUyRkFwYXJ0YW1lbnRvcy1WaXN0YS1TdXIlMkYyRTRTJTJGc2NyaXB0cyUyRmJhc2UuanMlMjIlM0UlM0MlMkZzY3JpcHQlM0U=[\/vc_raw_html][\/vc_column][\/vc_row][vc_row][vc_column width=\u00a0\u00bb2\/3&Prime; offset=\u00a0\u00bbvc_col-sm-offset-2&Prime;][vc_column_text]\n<h1 style=\"text-align: center;\">Emplacement ideal<small>et tranquille<\/small><\/h1>\n<p>Les appartements Vistasur ont une situation exceptionelle. Ils sont situ\u00e9s au bord de la Plage Las Vistas et dans la rue \u201cMilla de Oro\u201d, renomm\u00e9e, la mellieure zone comercial de Playa de las Am\u00e9ricas. Ideal pour les personnes qui cherchent une bonne situation et \u00e0 quelques pas de l\u00b4ambiance nocturne. Le complexe dispose d\u00b4une R\u00e9ception ouverte 24 h. sur 24h, d\u00b4une piscine avec solarium, Bar piscine et Parking couvert.[\/vc_column_text][\/vc_column][\/vc_row][vc_row full_width=\u00a0\u00bbstretch_row\u00a0\u00bb parallax_layers=\u00a0\u00bbyes\u00a0\u00bb style_images=\u00a0\u00bbyes\u00a0\u00bb css=\u00a0\u00bb.vc_custom_1475064519627{background-image: url(http:\/\/vistasur.es\/wp-content\/uploads\/vistasur-bg-02.jpg?id=2798) !important;background-position: center !important;background-repeat: no-repeat !important;background-size: cover !important;}\u00a0\u00bb layer_1=\u00a0\u00bb2794&Prime; layer_2=\u00a0\u00bb2795&Prime; layer_3=\u00a0\u00bb2796&Prime; layer_1_ratio=\u00a0\u00bb0.75&Prime; layer_2_ratio=\u00a0\u00bb0.94456456&Prime; layer_3_ratio=\u00a0\u00bb1.25123&Prime; layer_1_vertical=\u00a0\u00bbtop: -30%\u00a0\u00bb layer_1_horizontal=\u00a0\u00bbleft: 17%\u00a0\u00bb layer_2_vertical=\u00a0\u00bbtop: 25%\u00a0\u00bb layer_2_horizontal=\u00a0\u00bbleft: 24%\u00a0\u00bb layer_3_vertical=\u00a0\u00bbtop: 90%\u00a0\u00bb layer_3_horizontal=\u00a0\u00bbleft: 12%\u00a0\u00bb layer_1_z=\u00a0\u00bb1&Prime; layer_2_z=\u00a0\u00bb0&Prime; layer_3_z=\u00a0\u00bb1&Prime; el_class=\u00a0\u00bbcontent-padding-xxl\u00a0\u00bb parallax_offset=\u00a0\u00bb800&Prime;][vc_column width=\u00a0\u00bb1\/2&Prime; offset=\u00a0\u00bbvc_col-sm-offset-6&Prime;][vc_column_text]\n<h2><small><strong>Satisfaction de notre client\u00e8le<\/strong><br \/>\n<\/small>La meilleur \u00e9quipe de professionnels<\/h2>\n<p>Notre objectif est la satisfaction de notre client\u00e8le. Aussi, nous mettons \u00e0 votre disposition la meilleur \u00e9quipe de professionnels afin que vous passiez d\u00b4agr\u00e9ables vacances.<br \/>\n<a class=\"btn btn-inline\" href=\"http:\/\/vistasur.es\/booking\/redirect.php?lang=fr\" target=\"_blank\" rel=\"noopener noreferrer\">Faire une r\u00e9servation<\/a><\/p>\n[\/vc_column_text][\/vc_column][\/vc_row][vc_row css=\u00a0\u00bb.vc_custom_1475066798199{margin-bottom: 20px !important;padding-bottom: 0px !important;}\u00a0\u00bb][vc_column][vc_column_text]\n<h1 style=\"text-align: center; margin-bottom: 24px;\">Appartements<small>avec 1, 2 or 3 chambres \u00e0 coucher<\/small><\/h1>\n<p class=\"lead\" style=\"text-align: center;\"><small>Tous avec salon-salle a manger, kitchenette et 1 ou 2 salle de bain, terrasse ou balcon.<\/small><\/p>\n[\/vc_column_text][\/vc_column][\/vc_row][vc_row css=\u00a0\u00bb.vc_custom_1475066719612{margin-top: 0px !important;padding-top: 0px !important;}\u00a0\u00bb][vc_column width=\u00a0\u00bb1\/4&Prime;][vc_single_image image=\u00a0\u00bb4081&Prime; img_size=\u00a0\u00bbfull\u00a0\u00bb alignment=\u00a0\u00bbcenter\u00a0\u00bb style=\u00a0\u00bbvc_box_border\u00a0\u00bb border_color=\u00a0\u00bbwhite\u00a0\u00bb][\/vc_column][vc_column width=\u00a0\u00bb1\/4&Prime;][vc_single_image image=\u00a0\u00bb4077&Prime; img_size=\u00a0\u00bbfull\u00a0\u00bb alignment=\u00a0\u00bbcenter\u00a0\u00bb style=\u00a0\u00bbvc_box_border\u00a0\u00bb border_color=\u00a0\u00bbwhite\u00a0\u00bb][\/vc_column][vc_column width=\u00a0\u00bb1\/4&Prime;][vc_single_image image=\u00a0\u00bb4073&Prime; img_size=\u00a0\u00bbfull\u00a0\u00bb alignment=\u00a0\u00bbcenter\u00a0\u00bb style=\u00a0\u00bbvc_box_border\u00a0\u00bb border_color=\u00a0\u00bbwhite\u00a0\u00bb][\/vc_column][vc_column width=\u00a0\u00bb1\/4&Prime;][vc_single_image image=\u00a0\u00bb4069&Prime; img_size=\u00a0\u00bbfull\u00a0\u00bb alignment=\u00a0\u00bbcenter\u00a0\u00bb style=\u00a0\u00bbvc_box_border\u00a0\u00bb border_color=\u00a0\u00bbwhite\u00a0\u00bb][\/vc_column][\/vc_row]\n<\/div>","protected":false},"excerpt":{"rendered":"<p>[vc_row full_width=\u00a0\u00bbstretch_row\u00a0\u00bb css=\u00a0\u00bb.vc_custom_1646223435610{padding-top: 30px !important;padding-bottom: 15px !important;background-color: rgba(31,31,31,0.84) !important;*background-color: rgb(31,31,31) !important;}\u00a0\u00bb el_class=\u00a0\u00bbcontent-padding\u00a0\u00bb][vc_column][vc_raw_html]JTNDZm9ybSUyMGlkJTNEJTIyQVZQJTIyJTIwY2xhc3MlM0QlMjJmb3JtLWlubGluZSUyMGJvb2tpbmctZm9ybSUyMHJvdyUyMGxpZ2h0JTIyJTIwc3R5bGUlM0QlMjJ0ZXh0LWFsaWduJTNBJTIwY2VudGVyJTNCJTIyJTIwbWV0aG9kJTNEJTIycG9zdCUyMiUyMGFjdGlvbiUzRCUyMmh0dHBzJTNBJTJGJTJGd3d3LnNlY3VyZS1ob3RlbC1ib29raW5nLmNvbSUyRkFwYXJ0YW1lbnRvcy1WaXN0YS1TdXIlMkYyRTRTJTJGc2VhcmNoJTNGaG90ZWxJZCUzRDE2NDc4JTIyJTIwdGFyZ2V0JTNEJTIyX2JsYW5rJTIyJTNFJTBBJTIwJTIwJTNDZGl2JTIwY2xhc3MlM0QlMjJmb3JtLWdyb3VwJTIyJTIwc3R5bGUlM0QlMjJtYXJnaW4tcmlnaHQlM0ElMjAxMHB4JTNCJTIyJTNFJTBBJTIwJTIwJTIwJTIwJTNDbGFiZWwlMjBmb3IlM0QlMjJBVlBfbGlzdF9kYXlzJTIyJTNFRGF0ZSUyMGQlMjdhcnJpdiVDMyVBOWUlM0MlMkZsYWJlbCUzRSUwQSUyMCUyMCUyMCUyMCUzQ2lucHV0JTIwdHlwZSUzRCUyMmhpZGRlbiUyMiUyMGlkJTNEJTIybGFuZ3VhZ2UlMjIlMjBuYW1lJTNEJTIybGFuZ3VhZ2UlMjIlMjB2YWx1ZSUzRCUyMmZyJTIyJTIwJTJGJTNFJTBBJTIwJTIwJTNDJTJGZGl2JTNFJTBBJTIwJTIwJTNDZGl2JTIwY2xhc3MlM0QlMjJmb3JtLWdyb3VwJTIyJTIwc3R5bGUlM0QlMjJtYXJnaW4tcmlnaHQlM0ElMjAxNXB4JTNCJTIyJTNFJTIwJTIwJTIwJTIwJTBBJTIwJTIwJTNDaW5wdXQlMjB0eXBlJTNEJTIyaGlkZGVuJTIyJTIwaWQlM0QlMjJBVlBfYXJyaXZhbERhdGUlMjIlMjBuYW1lJTNEJTIyYXJyaXZhbERhdGUlMjIlMjB2YWx1ZSUzRCUyMiUyMiUyMCUyRiUzRSUwQSUyMCUyMCUzQ2lucHV0JTIwdHlwZSUzRCUyMmhpZGRlbiUyMiUyMGlkJTNEJTIyQVZQX25pZ2h0cyUyMiUyMG5hbWUlM0QlMjJuaWdodHMlMjIlMjB2YWx1ZSUzRCUyMiUyMiUyMCUyRiUzRSUwQSUyMCUyMCUzQ2lucHV0JTIwdHlwZSUzRCUyMmhpZGRlbiUyMiUyMGlkJTNEJTIyZ3Vlc3RDb3VudFNlbGVjdG9yJTIyJTIwbmFtZSUzRCUyMmd1ZXN0Q291bnRTZWxlY3RvciUyMiUyMHZhbHVlJTNEJTIyUmVhZE9ubHklMjIlMjAlMkYlM0UlMEElMjAlMjAlM0NpbnB1dCUyMHR5cGUlM0QlMjJoaWRkZW4lMjIlMjBpZCUzRCUyMmNyb3NzU2VsbCUyMiUyMG5hbWUlM0QlMjJjcm9zc1NlbGwlMjIlMjB2YWx1ZSUzRCUyMmZhbHNlJTIyJTIwJTJGJTNFJTBBJTIwJTIwJTNDc2VsZWN0JTIwaWQlM0QlMjJBVlBfbGlzdF9kYXlzJTIyJTIwc3R5bGUlM0QlMjJ3aWR0aCUzQTYwcHglM0IlMjIlMjBvbmNoYW5nZSUzRCUyMCUyMnVwZGF0ZUREYXklMjglMjklM0IlMjIlMjAlM0UlM0MlMkZzZWxlY3QlM0UlMEElMjAlMjAlM0NzZWxlY3QlMjBpZCUzRCUyMkFWUF9saXN0X21vbnRocyUyMiUyMHN0eWxlJTNEJTIyd2lkdGglM0ExNTBweCUzQiUyMiUyMG9uY2hhbmdlJTNEJTIyc2V0RGF5cyUyOCUyOSUzQiUyMiUzRSUzQyUyRnNlbGVjdCUzRSUyMCUwQSUyMCUyMCUzQyUyRmRpdiUzRSUwQSUyMCUyMCUzQ2RpdiUyMGNsYXNzJTNEJTIyZm9ybS1ncm91cCUyMiUyMHN0eWxlJTNEJTIybWFyZ2luLXJpZ2h0JTNBJTIwMTBweCUzQiUyMiUzRSUwQSUyMCUyMCUyMCUyMCUzQ2xhYmVsJTIwZm9yJTNEJTIyQVZQX2xpc3RfZGRheXMlMjIlM0VEYXRlJTIwZGUlMjBkJUMzJUE5cGFydCUzQyUyRmxhYmVsJTNFJTBBJTIwJTIwJTNDJTJGZGl2JTNFJTBBJTIwJTIwJTNDZGl2JTIwY2xhc3MlM0QlMjJmb3JtLWdyb3VwJTIyJTIwc3R5bGUlM0QlMjJtYXJnaW4tcmlnaHQlM0ElMjAxNXB4JTNCJTIyJTNFJTIwJTIwJTIwJTIwJTBBJTIwJTIwJTNDc2VsZWN0JTIwaWQlM0QlMjJBVlBfbGlzdF9kZGF5cyUyMiUyMHN0eWxlJTNEJTIyd2lkdGglM0E2MHB4JTNCJTIyJTNFJTNDJTJGc2VsZWN0JTNFJTBBJTIwJTIwJTNDc2VsZWN0JTIwaWQlM0QlMjJBVlBfbGlzdF9kbW9udGhzJTIyJTIwc3R5bGUlM0QlMjJ3aWR0aCUzQTE1MHB4JTNCJTIyJTIwb25jaGFuZ2UlM0QlMjJzZXRERGF5cyUyOCUyOSUzQiUyMiUzRSUzQyUyRnNlbGVjdCUzRSUyMCUyMCUyMCUyMCUwQSUyMCUyMCUzQyUyRmRpdiUzRSUwQSUyMCUyMCUzQ2RpdiUyMGNsYXNzJTNEJTIyZm9ybS1ncm91cCUyMiUyMHN0eWxlJTNEJTIybWFyZ2luLXJpZ2h0JTNBJTIwMTBweCUzQiUyMiUzRSUwQSUyMCUyMCUyMCUyMCUzQ2xhYmVsJTIwZm9yJTNEJTIyc2VsZWN0ZWRBZHVsdENvdW50JTIyJTNFQWR1bHRlcyUzQyUyRmxhYmVsJTNFJTBBJTIwJTIwJTNDJTJGZGl2JTNFJTBBJTIwJTIwJTNDZGl2JTIwY2xhc3MlM0QlMjJmb3JtLWdyb3VwJTIyJTIwc3R5bGUlM0QlMjJtYXJnaW4tcmlnaHQlM0ElMjAxNXB4JTNCJTIyJTNFJTIwJTIwJTIwJTIwJTIwJTIwJTIwJTIwJTBBJTIwJTIwJTNDc2VsZWN0JTIwaWQlM0QlMjJzZWxlY3RlZEFkdWx0Q291bnQlMjIlMjBzdHlsZSUzRCUyMndpZHRoJTNBNjBweCUzQiUyMiUyMG5hbWUlM0QlMjJzZWxlY3RlZEFkdWx0Q291bnQlMjIlM0UlM0MlMkZzZWxlY3QlM0UlMEElMjAlMjAlM0MlMkZkaXYlM0UlMEElMEElMjAlMjAlM0NkaXYlMjBjbGFzcyUzRCUyMmZvcm0tZ3JvdXAlMjIlMjBzdHlsZSUzRCUyMm1hcmdpbi1yaWdodCUzQSUyMDEwcHglM0IlMjIlM0UlMEElMjAlMjAlMjAlMjAlM0NsYWJlbCUyMGZvciUzRCUyMnNlbGVjdGVkQWR1bHRDb3VudCUyMiUzRUNvZGUlMjBkJTI3b2ZmcmUlM0MlMkZsYWJlbCUzRSUwQSUyMCUyMCUzQyUyRmRpdiUzRSUwQSUyMCUyMCUzQ2RpdiUyMGNsYXNzJTNEJTIyZm9ybS1ncm91cCUyMiUyMHN0eWxlJTNEJTIybWFyZ2luLXJpZ2h0JTNBJTIwMTVweCUzQiUyMiUzRSUyMCUyMCUyMCUyMCUyMCUyMCUyMCUyMCUwQSUyMCUyMCUzQ2lucHV0JTIwdHlwZSUzRCUyMnRleHQlMjIlMjBpZCUzRCUyMnJhdGUlMjIlMjBuYW1lJTNEJTIycmF0ZSUyMiUyMHZhbHVlJTNEJTIyJTIyJTIwc3R5bGUlM0QlMjJ3aWR0aCUzQTEwMHB4JTNCJTIyJTJGJTNFJTBBJTIwJTIwJTNDJTJGZGl2JTNFJTBBJTBBJTIwJTIwJTNDZGl2JTIwY2xhc3MlM0QlMjJmb3JtLWdyb3VwJTIyJTNFJTBBJTIwJTIwJTIwJTIwJTNDaW5wdXQlMjB0eXBlJTNEJTIyYnV0dG9uJTIyJTIwY2xhc3MlM0QlMjJidG4lMjBidG4tcHJpbWFyeSUyMGJ0bi1ibG9jayUyMiUyMHN0eWxlJTNEJTIyd2lkdGglM0ExNTBweCUzQiUyMCUyMG1hcmdpbiUzQSUyMDAlMjBhdXRvJTNCJTIyJTIwdmFsdWUlM0QlMjJSJUMzJUE5c2VydmVyJTIyJTIwb25jbGljayUzRCUyMnZhbGlkYXRlJTI4JTI5JTNCJTIyJTIwJTJGJTNFJTBBJTIwJTIwJTNDJTJGZGl2JTNFJTIwJTIwJTBBJTBBJTIwJTNDJTJGZm9ybSUzRSUwQSUyMCUzQ3NjcmlwdCUyMHR5cGUlM0QlMjJ0ZXh0JTJGamF2YXNjcmlwdCUyMiUzRSUyMHZhciUyMG1vbnRocyUyMCUzRCUyMG5ldyUyMEFycmF5JTI4JTIySmFudmllciUyMiUyQyUyMkYlQzMlQTl2cmllciUyMiUyQyUyMk1hcnMlMjIlMkMlMjJBdnJpbCUyMiUyQyUyMk1haSUyMiUyQyUyMkp1aW4lMjIlMkMlMjJKdWlsbGV0JTIyJTJDJTIyQW8lQzMlQkJ0JTIyJTJDJTIyU2VwdGVtYnJlJTIyJTJDJTIyT2N0b2JyZSUyMiUyQyUyMk5vdmVtYnJlJTIyJTJDJTIyRCVDMyVBOWNlbWJyZSUyMiUyOSUzQiUyMHZhciUyMG1lc3NhZ2UlM0QlMjAlMjJGZWNoYSUyMGZ1ZXJhJTIwZGUlMjBsYSUyMHBsYW5pZmljYWNpJUMzJUIzbiUyMiUzQiUyMCUzQyUyRnNjcmlwdCUzRSUyMCUzQ3NjcmlwdCUyMHR5cGUlM0QlMjJ0ZXh0JTJGamF2YXNjcmlwdCUyMiUyMHNyYyUzRCUyMmh0dHBzJTNBJTJGJTJGd3d3LnNlY3VyZS1ob3RlbC1ib29raW5nLmNvbSUyRkFwYXJ0YW1lbnRvcy1WaXN0YS1TdXIlMkYyRTRTJTJGc2NyaXB0cyUyRmJhc2UuanMlMjIlM0UlM0MlMkZzY3JpcHQlM0U=[\/vc_raw_html][\/vc_column][\/vc_row][vc_row][vc_column width=\u00a0\u00bb2\/3&Prime; offset=\u00a0\u00bbvc_col-sm-offset-2&Prime;][vc_column_text] Emplacement idealet tranquille Les appartements Vistasur [&hellip;]<\/p>\n","protected":false},"author":1,"featured_media":0,"parent":0,"menu_order":0,"comment_status":"closed","ping_status":"closed","template":"","meta":{"footnotes":""},"class_list":["post-3014","page","type-page","status-publish","hentry"],"_links":{"self":[{"href":"https:\/\/vistasur.es\/fr\/wp-json\/wp\/v2\/pages\/3014","targetHints":{"allow":["GET"]}}],"collection":[{"href":"https:\/\/vistasur.es\/fr\/wp-json\/wp\/v2\/pages"}],"about":[{"href":"https:\/\/vistasur.es\/fr\/wp-json\/wp\/v2\/types\/page"}],"author":[{"embeddable":true,"href":"https:\/\/vistasur.es\/fr\/wp-json\/wp\/v2\/users\/1"}],"replies":[{"embeddable":true,"href":"https:\/\/vistasur.es\/fr\/wp-json\/wp\/v2\/comments?post=3014"}],"version-history":[{"count":14,"href":"https:\/\/vistasur.es\/fr\/wp-json\/wp\/v2\/pages\/3014\/revisions"}],"predecessor-version":[{"id":4287,"href":"https:\/\/vistasur.es\/fr\/wp-json\/wp\/v2\/pages\/3014\/revisions\/4287"}],"wp:attachment":[{"href":"https:\/\/vistasur.es\/fr\/wp-json\/wp\/v2\/media?parent=3014"}],"curies":[{"name":"wp","href":"https:\/\/api.w.org\/{rel}","templated":true}]}}