{"id":3021,"date":"2017-02-06T22:10:19","date_gmt":"2017-02-06T21:10:19","guid":{"rendered":"http:\/\/vistasur.es\/?page_id=3021\/"},"modified":"2022-09-26T12:56:25","modified_gmt":"2022-09-26T11:56:25","slug":"appartements","status":"publish","type":"page","link":"https:\/\/vistasur.es\/fr\/appartements\/","title":{"rendered":"Appartements"},"content":{"rendered":"<div class=\"wpb-content-wrapper\">[vc_row position=\u00a0\u00bbcenter right\u00a0\u00bb css=\u00a0\u00bb.vc_custom_1436463840612{background-position: center !important;background-repeat: no-repeat !important;background-size: contain !important;}\u00a0\u00bb][vc_column width=\u00a0\u00bb2\/3&Prime;][vc_column_text]\n<p class=\"lead\">Vistasur est compos\u00e9 de 59 appartements, standard ou vue sur la mer, tr\u00e8s spacieux, meubl\u00e9s et \u00e9quip\u00e9s, divis\u00e9s en\u00a0: 1, 2 ou 3 chambres \u00e0 coucher. Tous avec salon-salle \u00e0 manger, kitchenette et une ou deux salle de bain, balcon ou terrasse.<\/p>\n<p>Les Kitchenettes sont totalement \u00e9quip\u00e9es avec\u00a0: vitre c\u00e9ramique, r\u00e9frig\u00e9rateur, micro-ondes, cafeti\u00e8re, grille-pain et bouilloire.<\/p>\n<p>Tous les appartements disposent d\u00b4air conditionn\u00e9, TV avec satellite, t\u00e9l\u00e9phone, coffre-fort et Wi-Fi gratuits.[\/vc_column_text][\/vc_column][vc_column width=\u00a0\u00bb1\/4&Prime; offset=\u00a0\u00bbvc_col-sm-offset-1&Prime;][vc_column_text]\n<div class=\"text-center well\">\n<span class='hotel-icon-241 hi-3x color-primary hi-boxed' ><\/span>\n<h3><small>Toute personne ne doute? Appelez-nous!<\/small> +34 922 750 144<\/h3>\n<\/div>\n[\/vc_column_text][\/vc_column][\/vc_row][vc_row full_width=\u00a0\u00bbstretch_row\u00a0\u00bb parallax=\u00a0\u00bbcontent-moving\u00a0\u00bb css=\u00a0\u00bb.vc_custom_1476871244669{background-image: url(http:\/\/vistasur.es\/wp-content\/uploads\/vistasur-boxback-apartamentos.jpg?id=2885) !important;background-position: center;background-repeat: no-repeat !important;background-size: cover !important;}\u00a0\u00bb][vc_column width=\u00a0\u00bb1\/2&Prime;][vc_column_text el_class=\u00a0\u00bbwhite-box content-padding\u00a0\u00bb]\n<h2 id=\"cove\" class=\"text-uppercase\"><small>Appartements totalement \u00e9quip\u00e9s<\/small>1, 2 or 3 chambres<\/h2>\n<ul class=\"list-pointer\">\n<li>Acc\u00e8s internet gratuit<\/li>\n<li>TV avec satellite<\/li>\n<li>Kitchenettes \u00e9quip\u00e9es<\/li>\n<li>Coffre-fort gratuit<\/li>\n<li>Air conditionn\u00e9<\/li>\n<\/ul>\n<p><a class=\"btn btn-inline\" href=\"http:\/\/vistasur.es\/booking\/redirect.php?lang=fr\">R\u00e9servez d\u00e8s maintenant<\/a>[\/vc_column_text][\/vc_column][vc_column width=\u00a0\u00bb1\/2&Prime;][vc_single_image image=\u00a0\u00bb4094&Prime; img_size=\u00a0\u00bblarge\u00a0\u00bb][\/vc_column][\/vc_row][vc_row][vc_column width=\u00a0\u00bb1\/3&Prime;][vc_single_image image=\u00a0\u00bb4106&Prime; img_size=\u00a0\u00bblarge\u00a0\u00bb][\/vc_column][vc_column width=\u00a0\u00bb1\/3&Prime;][vc_single_image image=\u00a0\u00bb4098&Prime; img_size=\u00a0\u00bblarge\u00a0\u00bb][\/vc_column][vc_column width=\u00a0\u00bb1\/3&Prime;][vc_single_image image=\u00a0\u00bb4102&Prime; img_size=\u00a0\u00bblarge\u00a0\u00bb][\/vc_column][\/vc_row]\n<\/div>","protected":false},"excerpt":{"rendered":"<p>[vc_row position=\u00a0\u00bbcenter right\u00a0\u00bb css=\u00a0\u00bb.vc_custom_1436463840612{background-position: center !important;background-repeat: no-repeat !important;background-size: contain !important;}\u00a0\u00bb][vc_column width=\u00a0\u00bb2\/3&Prime;][vc_column_text] Vistasur est compos\u00e9 de 59 appartements, standard ou vue [&hellip;]<\/p>\n","protected":false},"author":1,"featured_media":0,"parent":0,"menu_order":0,"comment_status":"closed","ping_status":"open","template":"","meta":{"footnotes":""},"class_list":["post-3021","page","type-page","status-publish","hentry"],"_links":{"self":[{"href":"https:\/\/vistasur.es\/fr\/wp-json\/wp\/v2\/pages\/3021","targetHints":{"allow":["GET"]}}],"collection":[{"href":"https:\/\/vistasur.es\/fr\/wp-json\/wp\/v2\/pages"}],"about":[{"href":"https:\/\/vistasur.es\/fr\/wp-json\/wp\/v2\/types\/page"}],"author":[{"embeddable":true,"href":"https:\/\/vistasur.es\/fr\/wp-json\/wp\/v2\/users\/1"}],"replies":[{"embeddable":true,"href":"https:\/\/vistasur.es\/fr\/wp-json\/wp\/v2\/comments?post=3021"}],"version-history":[{"count":11,"href":"https:\/\/vistasur.es\/fr\/wp-json\/wp\/v2\/pages\/3021\/revisions"}],"predecessor-version":[{"id":4467,"href":"https:\/\/vistasur.es\/fr\/wp-json\/wp\/v2\/pages\/3021\/revisions\/4467"}],"wp:attachment":[{"href":"https:\/\/vistasur.es\/fr\/wp-json\/wp\/v2\/media?parent=3021"}],"curies":[{"name":"wp","href":"https:\/\/api.w.org\/{rel}","templated":true}]}}