{"id":4327,"date":"2022-03-14T18:24:17","date_gmt":"2022-03-14T17:24:17","guid":{"rendered":"https:\/\/vistasur.es\/?page_id=4327"},"modified":"2022-03-14T18:26:08","modified_gmt":"2022-03-14T17:26:08","slug":"politique-de-confidentialite","status":"publish","type":"page","link":"https:\/\/vistasur.es\/fr\/politique-de-confidentialite\/","title":{"rendered":"Politique de confidentialit\u00e9"},"content":{"rendered":"<div class=\"wpb-content-wrapper\">[vc_row position=\u00a0\u00bbcenter right\u00a0\u00bb css=\u00a0\u00bb.vc_custom_1436463840612{background-position: center !important;background-repeat: no-repeat !important;background-size: contain !important;}\u00a0\u00bb][vc_column][vc_column_text]<strong>POLITICA DE PRIVACIDAD<\/strong><\/p>\n<p>En cumplimiento del art\u00edculo 13, as\u00ed como de los principios de licitud, lealtad y transparencia establecidos en el Reglamento UE 2016\/679, General de Protecci\u00f3n de Datos -en adelante RGPD-, le informamos que:<\/p>\n<p>El <strong>responsable del tratamiento<\/strong> de los datos personales que se pudieran recoger a trav\u00e9s de los medios de contacto puestos a su disposici\u00f3n en este sitio web es Llanos de Chasna S.A, con NIF. A38009338, y con domicilio en Avda. Rafael Puig, 10. 38660 &#8211; Playa de las Am\u00e9ricas, Santa Cruz de Tenerife. Puede contactar con el responsable a trav\u00e9s del tel\u00e9fono 922 777 818 o del correo master@playadelasamericas.es. En adelante VISTASUR.<\/p>\n<ol>\n<li>Informaci\u00f3n de protecci\u00f3n de datos de los tratamientos realizados en el \u00e1mbito de la p\u00e1gina web.<\/li>\n<\/ol>\n<p>Los datos personales que facilite a VISTASUR a trav\u00e9s de este sitio web, o cualquiera de los medios de contacto que pone a su disposici\u00f3n, podr\u00e1n ser tratados con la finalidad que corresponda al motivo por el cual usted los facilit\u00f3.<\/p>\n<p>As\u00ed pues los datos facilitados podr\u00e1n ser utilizados con las siguientes finalidades, seg\u00fan el motivo por el que los facilite:<\/p>\n<ul>\n<li><strong>Solicitudes de informaci\u00f3n.<\/strong><\/li>\n<li>Descripci\u00f3n: gestionar las solicitudes de informaci\u00f3n, as\u00ed como para contestar las consultas que nos pudieran remitir.<\/li>\n<li>Base jur\u00eddica: consentimiento del interesado, art. 6.1.a RGPD.<\/li>\n<li>Conservaci\u00f3n: los datos ser\u00e1n usados exclusivamente para contestar las consultas planteadas, posteriormente ser\u00e1n eliminados. El plazo de eliminaci\u00f3n ser\u00e1 como m\u00e1ximo a los 6 meses del \u00faltimo contacto con el usuario solicitante.<\/li>\n<li>Destinatarios: los datos no ser\u00e1n cedidos a terceros salvo obligaci\u00f3n legal.<\/li>\n<li><strong>An\u00e1lisis de visitas de la web a trav\u00e9s de cookies.<\/strong><\/li>\n<li>Finalidad: gesti\u00f3n de datos de navegaci\u00f3n y preferencias de los usuarios.<\/li>\n<li>Base jur\u00eddica: consentimiento del interesado, art. 6.1.a RGPD.<\/li>\n<li>Conservaci\u00f3n: el plazo de conservaci\u00f3n de los datos recogidos por las cookies ser\u00e1 el que se indica en la tabla que aparece en la pol\u00edtica de cookies (poner enlace a la pol\u00edtica de cookies). El plazo contar\u00e1 a partir de la finalizaci\u00f3n de cada sesi\u00f3n del usuario en la p\u00e1gina web.<\/li>\n<li>Destinatarios: en caso de las cookies de terceros, los datos de navegaci\u00f3n son gestionados por los propietarios de dichas cookies.<\/li>\n<li><strong>Gesti\u00f3n de solicitudes de reserva de apartamentos.<\/strong><\/li>\n<li>Definici\u00f3n: gestionar sus solicitudes de reserva y contrataci\u00f3n de un apartamento en VISTASUR.<\/li>\n<li>Base jur\u00eddica: aplicaci\u00f3n de medidas precontractuales o la ejecuci\u00f3n de un contrato, art. 6.1.b. RGPD.<\/li>\n<li>Conservaci\u00f3n: ser\u00e1n conservados durante el tiempo que sea exigible en materia de responsabilidades civiles, cumplimiento de obligaciones ante la administraci\u00f3n p\u00fablica, financiera y tributaria.<\/li>\n<li>Destinatarios: los datos podr\u00e1n ser comunicados a las AAPP competentes, bancos y cajas de ahorro seg\u00fan corresponda, as\u00ed como a los terceros indispensables para el desarrollo de la relaci\u00f3n contractual (bancos, cajas de ahorro, seg\u00fan corresponda).<\/li>\n<\/ul>\n<ol start=\"2\">\n<li>Tratamiento de datos recogidos a trav\u00e9s de formularios, medios o documentos que redirigen a la pol\u00edtica de privacidad de VISTASUR:<\/li>\n<\/ol>\n<p><strong>Fines del tratamiento de datos<\/strong>. Los datos personales recogidos en los distintos documentos, medios o formularios que redirigen a la presente pol\u00edtica de privacidad, en su calidad de informaci\u00f3n ampliada en materia de protecci\u00f3n de datos, podr\u00e1n ser tratados con la finalidad que aplique, seg\u00fan sea uno de los siguientes casos:<\/p>\n<ul>\n<li><strong>Facturas<\/strong>.<\/li>\n<li>Finalidad: gestionar la relaci\u00f3n contractual o precontractual entre usted y VISTASUR, as\u00ed como para su gesti\u00f3n administrativa, fiscal y contable.<\/li>\n<li>Base jur\u00eddica: ejecuci\u00f3n de un contrato o aplicaci\u00f3n de medidas precontractuales, art. 6.1.b RGPD.<\/li>\n<li>Conservaci\u00f3n: durante el tiempo que exige la legislaci\u00f3n vigente en materia civil, financiera y tributaria.<\/li>\n<li>Destinatarios: los datos podr\u00e1n ser comunicados a las AAPP competentes, bancos y cajas de ahorro seg\u00fan corresponda.<\/li>\n<li><strong>Presupuestos<\/strong>.<\/li>\n<li>Finalidad: elaborar, entregar\/remitir el presupuesto, as\u00ed como para realizar acciones de seguimiento y prospecci\u00f3n comercial, v\u00eda telef\u00f3nica, telem\u00e1tica o presencial.<\/li>\n<li>Base jur\u00eddica: consentimiento del interesado, as\u00ed como la aplicaci\u00f3n, a petici\u00f3n suya, de medidas precontractuales, art. 6.1.b RGPD.<\/li>\n<li>Conservaci\u00f3n: durante el tiempo exigido por la legislaci\u00f3n vigente en materia civil, mercantil, financiera y tributaria. El plazo contara a partir de la finalizaci\u00f3n de la gesti\u00f3n del presupuesto.<\/li>\n<li>Destinatarios: los datos no ser\u00e1n cedidos a terceros, salvo obligaci\u00f3n legal.<\/li>\n<li><strong>Curr\u00edculums. <\/strong><\/li>\n<li>Finalidad: gestionar su solicitud de empleo, y tenerle en cuenta en los procesos de selecci\u00f3n de personal.<\/li>\n<li>Base jur\u00eddica: consentimiento del interesado, art. 6.1.a. RGPD.<\/li>\n<li>Conservaci\u00f3n: los datos ser\u00e1n conservados durante un m\u00e1ximo de 2 a\u00f1os.<\/li>\n<li>Destinatarios: los datos no ser\u00e1n cedidos a terceros salvo obligaci\u00f3n legal.<\/li>\n<li><strong>Correo electr\u00f3nico<\/strong>.<\/li>\n<li>Finalidades: atender las solicitudes puntales de informaci\u00f3n, v\u00eda correo electr\u00f3nico o telef\u00f3nico; gestionar la agenda de contactos; ejecuci\u00f3n de contratos o medidas precontractuales.<\/li>\n<li>Base jur\u00eddica: consentimiento del interesado en el caso de solicitudes de informaci\u00f3n o consultas (art. 6.1.a RGPD), aplicaci\u00f3n de medidas precontractuales o ejecuci\u00f3n de un contrato (art. 6.1.b RGPD), e inter\u00e9s leg\u00edtimo en el tratamiento de datos de personas de contacto (art. 6.1.f RGPD).<\/li>\n<li>Conservaci\u00f3n: los datos ser\u00e1n conservados en la medida que sean necesarios para el cumplimiento de las obligaciones legales surgidas en la relaci\u00f3n existente. Una vez extinguidas, los datos ser\u00e1n eliminados.<\/li>\n<li>Destinatarios: los datos no ser\u00e1n cedidos a terceros, salvo obligaci\u00f3n legal.<\/li>\n<li><strong>Correo mailing.<\/strong><\/li>\n<li>Finalidades: remitirle de informaci\u00f3n sobre eventos y actividades, ofertas, promociones y dem\u00e1s acciones comerciales, publicaciones en el blog, y dem\u00e1s informaci\u00f3n de inter\u00e9s sobre VISTASUR.<\/li>\n<li>Base jur\u00eddica: puede ser, seg\u00fan corresponda:\n<ul>\n<li>Consentimiento del interesado, art. 6.1.a. RGPD, en caso de que lo haya otorgado a trav\u00e9s de alguno de nuestros formularios de contacto, o a trav\u00e9s de la p\u00e1gina web.<\/li>\n<li>En caso de clientes de VISTASUR el env\u00edo de informaci\u00f3n publicitar\u00eda est\u00e1 legitimado por el inter\u00e9s leg\u00edtimo del responsable recogido en el art\u00edculo 21.2 de la LSSI 34\/2002.<\/li>\n<\/ul>\n<\/li>\n<li>Conservaci\u00f3n: hasta que usted solicite su supresi\u00f3n, o baja del servicio de informaci\u00f3n publicitaria.<\/li>\n<li>Destinatarios: los datos no ser\u00e1n cedidos a terceros, salvo obligaci\u00f3n legal.<\/li>\n<li><strong>Registro de clientes\/ Check-In.<\/strong><\/li>\n<li>Finalidades:<\/li>\n<\/ul>\n<ul>\n<li>a) Gesti\u00f3n de reservas y prestaci\u00f3n de servicios de alojamiento;<\/li>\n<li>b) Facturaci\u00f3n y pago de los servicios contratados y gastos generados durante la estancia;<\/li>\n<li>c) Env\u00edo de ofertas, promociones y otros sobre el hotel VISTASUR, por distintos medios, incluidos los electr\u00f3nicos.<\/li>\n<\/ul>\n<ul>\n<li>Base jur\u00eddica: puede ser, seg\u00fan corresponda:<\/li>\n<\/ul>\n<ul>\n<li>a) y b) Ejecuci\u00f3n de un contrato y aplicaci\u00f3n de medidas precontractuales, art. 6.1.b. RGPD.<\/li>\n<li>c) El env\u00edo de informaci\u00f3n publicitar\u00eda est\u00e1 legitimado por el inter\u00e9s leg\u00edtimo del responsable recogido en el art\u00edculo 21.2 de la LSSI 34\/2002.<\/li>\n<\/ul>\n<ul>\n<li>Conservaci\u00f3n: En el caso de los datos relativos a la prestaci\u00f3n del servicio, la conservaci\u00f3n ser\u00e1 durante el tiempo que exige la legislaci\u00f3n vigente en materia civil, financiera y tributaria. En el caso del env\u00edo de informaci\u00f3n, hasta que usted solicite su supresi\u00f3n, o baja del servicio de informaci\u00f3n publicitaria.<\/li>\n<li>Destinatarios: autoridades competentes cuando as\u00ed lo exija la normativa aplicable; agencias y operadores de viajes involucrados. As\u00ed mismo, los datos podr\u00e1n ser comunicados a las AAPP competentes, bancos y cajas de ahorro seg\u00fan corresponda.<\/li>\n<li><strong>Contratos (datos de personas de contacto y firmantes)<\/strong>.<\/li>\n<li>Finalidad: Los datos personales de los firmanes de los contratos, para los casos en que \u00e9stos sean una persona f\u00edsica o en el caso de representantes de una persona jur\u00eddica ser\u00e1n tratados con el fin de formalizar el contrato y llevar a cabo del desarrollo del mismo. Los datos de empleados de las partes tambi\u00e9n ser\u00e1n tratados para este \u00faltimo fin.<\/li>\n<li>Base jur\u00eddica: ejecuci\u00f3n de un contrato art. 6.1.b RGPD, e inter\u00e9s leg\u00edtimo de VISTASUR para tratar datos de personas de contacto conforme art. 19 LOPD 3\/2018.<\/li>\n<li>Conservaci\u00f3n: durante el tiempo exigido por la legislaci\u00f3n vigente en materia civil, mercantil, financiera y tributaria.<\/li>\n<li>Destinatarios: Los datos no ser\u00e1n cedidos a terceros, salvo obligaci\u00f3n legal.<\/li>\n<li><strong>Formularios y solicitudes realizadas en nombre de empresas<\/strong>.<\/li>\n<li>Finalidad: Los datos personales de las personas de contacto y de los representantes legales cuando act\u00faan en nombre de personas jur\u00eddicas u otras organizaciones para realizar solicitudes de informaci\u00f3n, inscripci\u00f3n en convocatorias, o participaci\u00f3n en eventos y actividades organizadas por VISTASUR, ser\u00e1n tratados en exclusiva para dicho fin.<\/li>\n<li>Base jur\u00eddica: inter\u00e9s leg\u00edtimo de VISTASUR para tratar datos de personas de contacto y representantes legales conforme art. 19 LOPD 3\/2018.<\/li>\n<li>Conservaci\u00f3n: durante el tiempo exigido por la legislaci\u00f3n vigente en materia civil, mercantil, y administrativa aplicable a VISTASUR.<\/li>\n<li>Destinatarios: Los datos no ser\u00e1n cedidos a terceros, salvo obligaci\u00f3n legal. En todo caso todas las convocatorias se regir\u00e1n por sus propias condiciones.<\/li>\n<\/ul>\n<ol start=\"3\">\n<li>Datos de terceras personas.<\/li>\n<\/ol>\n<p>Si durante sus comunicaciones con VISTASUR usted facilita datos de terceras personas, le informamos que:<\/p>\n<ul>\n<li>Solo puede facilitarnos datos de terceras personas, si cuenta con el consentimiento expreso de las mismas. Por lo tanto, al remitirnos datos de terceras personas, usted manifiesta que cuenta con el consentimiento antes mencionado, o bien, que cuenta con la capacidad legal para manifestar por ellas, dicho consentimiento.<\/li>\n<li>Todas las personas de las que nos remita datos deben conocer el contenido del presente apartado. Usted manifiesta que les ha informado y dado a conocer su contenido.<\/li>\n<li>VISTASUR no se hace responsable en caso de que el usuario que cumplimente los formularios o solicitudes de reserva no cumpla con los puntos anteriores.<\/li>\n<\/ul>\n<ol start=\"4\">\n<li>Car\u00e1cter facultativo de la cumplimentaci\u00f3n de formularios y veracidad de los datos aportados<\/li>\n<\/ol>\n<p>Los distintos formularios puestos a su disposici\u00f3n solicitan todos los datos necesarios para gestionar su consulta, solicitud o reserva, por lo que es indispensable que conteste todos los apartados. Si usted no contesta dichos apartados, no podremos atender correctamente su petici\u00f3n.<\/p>\n<ol start=\"5\">\n<li>Derechos de los usuarios<\/li>\n<\/ol>\n<p><strong>Consentimiento y revocaci\u00f3n<\/strong><\/p>\n<p>El usuario podr\u00e1 revocar los consentimientos dados, en cualquier momento, sin que ello afecte la licitud del tratamiento de los datos durante el periodo efectivo, anterior, de dicha autorizaci\u00f3n.<\/p>\n<p><strong>Derechos de acceso, rectificaci\u00f3n, supresi\u00f3n, limitaci\u00f3n, oposici\u00f3n y portabilidad<\/strong>.<\/p>\n<p>El usuario o visitante, podr\u00e1 solicitar el ejercicio de sus derechos de acceso, rectificaci\u00f3n o supresi\u00f3n, as\u00ed como en determinados casos, si le fuera de aplicaci\u00f3n, a la limitaci\u00f3n del tratamiento o portabilidad de sus datos, as\u00ed como a oponerse al tratamiento de los mismos. Todo ello conforme a la normativa de protecci\u00f3n de datos antes se\u00f1alada.<\/p>\n<p>Puede ejercitar sus derechos de la protecci\u00f3n de datos remitiendo su solicitud a VISTASUR, a trav\u00e9s del correo master@playadelasamericas.es, o a la direcci\u00f3n de contacto indicada al principio de este documento. Si lo desea puede utilizar los formularios disponibles en la Agencia Espa\u00f1ola de Protecci\u00f3n de Datos, o solicitarnos copia de los mismos v\u00eda correo electr\u00f3nico.<\/p>\n<p>Las solicitudes de ejercicio de derechos, realizadas por los usuarios ser\u00e1n gestionadas en un plazo m\u00e1ximo de un mes. En caso de no estar conforme con la respuesta dada, el usuario puede presentar una reclamaci\u00f3n ante la citada autoridad de control. Su solicitud ser\u00e1 atendida en un plazo no mayor a 30 d\u00edas.<\/p>\n<p>Puede ejercitar sus los derechos que le reconoce el RGPD, en cualquier momento.<\/p>\n<p>El VISTASUR est\u00e1 comprometido con el respeto y defensa del derecho de la protecci\u00f3n de datos personales, de sus usuarios, visitantes y clientes.[\/vc_column_text][\/vc_column][\/vc_row]\n<\/div>","protected":false},"excerpt":{"rendered":"<p>[vc_row position=\u00a0\u00bbcenter right\u00a0\u00bb css=\u00a0\u00bb.vc_custom_1436463840612{background-position: center !important;background-repeat: no-repeat !important;background-size: contain !important;}\u00a0\u00bb][vc_column][vc_column_text]POLITICA DE PRIVACIDAD En cumplimiento del art\u00edculo 13, as\u00ed como de [&hellip;]<\/p>\n","protected":false},"author":1,"featured_media":0,"parent":0,"menu_order":0,"comment_status":"closed","ping_status":"open","template":"","meta":{"footnotes":""},"class_list":["post-4327","page","type-page","status-publish","hentry"],"_links":{"self":[{"href":"https:\/\/vistasur.es\/fr\/wp-json\/wp\/v2\/pages\/4327","targetHints":{"allow":["GET"]}}],"collection":[{"href":"https:\/\/vistasur.es\/fr\/wp-json\/wp\/v2\/pages"}],"about":[{"href":"https:\/\/vistasur.es\/fr\/wp-json\/wp\/v2\/types\/page"}],"author":[{"embeddable":true,"href":"https:\/\/vistasur.es\/fr\/wp-json\/wp\/v2\/users\/1"}],"replies":[{"embeddable":true,"href":"https:\/\/vistasur.es\/fr\/wp-json\/wp\/v2\/comments?post=4327"}],"version-history":[{"count":2,"href":"https:\/\/vistasur.es\/fr\/wp-json\/wp\/v2\/pages\/4327\/revisions"}],"predecessor-version":[{"id":4336,"href":"https:\/\/vistasur.es\/fr\/wp-json\/wp\/v2\/pages\/4327\/revisions\/4336"}],"wp:attachment":[{"href":"https:\/\/vistasur.es\/fr\/wp-json\/wp\/v2\/media?parent=4327"}],"curies":[{"name":"wp","href":"https:\/\/api.w.org\/{rel}","templated":true}]}}